{"id":3078,"date":"2017-12-07T10:57:20","date_gmt":"2017-12-07T13:57:20","guid":{"rendered":"http:\/\/www.encontraribeiraopreto.com.br\/noticias\/?page_id=3078"},"modified":"2025-10-03T16:22:19","modified_gmt":"2025-10-03T19:22:19","slug":"sobre-ribeirao-preto","status":"publish","type":"page","link":"https:\/\/www.encontraribeiraopreto.com.br\/sobre\/","title":{"rendered":"Sobre Ribeir\u00e3o Preto"},"content":{"rendered":"<div class=\"cd7ef838bed10b2b4567f853226bc383\" data-index=\"1\" style=\"float: none; margin:0px;\">\n<!-- Anuncio display - global -->\r\n<ins class=\"adsbygoogle\"\r\n     style=\"display:block\"\r\n     data-ad-client=\"ca-pub-8585364105181520\"\r\n     data-ad-slot=\"8789329856\"\r\n     data-ad-format=\"auto\"\r\n     data-full-width-responsive=\"true\"><\/ins>\r\n<script>\r\n     (adsbygoogle = window.adsbygoogle || []).push({});\r\n<\/script>\r\n\n<\/div>\n<h2>Cidades de SP: Limites &#8211; Cidades Vizinhas<\/h2>\n<p><a href=\"https:\/\/www.encontramococa.com.br\/\">Mococa<\/a>, Cravinhos, Guatapar\u00e1, Jardin\u00f3polis, Serrana, Dumont, Barrinha,\u00a0<a title=\"Sert\u00e3ozinho\" href=\"https:\/\/www.encontrasertaozinho.com.br\/\" target=\"_blank\" rel=\"noopener noreferrer\">Sert\u00e3ozinho<\/a>, Brodowski.<\/p>\n<h3>Dados Principais sobre Ribeir\u00e3o Preto<img loading=\"lazy\" decoding=\"async\" class=\"size-full wp-image-3081 alignright\" src=\"https:\/\/www.encontraribeiraopreto.com.br\/sobre\/wp-content\/uploads\/brasao-ribeirao-preto.jpg\" alt=\"\" width=\"104\" height=\"119\" \/><\/h3>\n<p>Anivers\u00e1rio: 19 de Junho<br \/>\nFunda\u00e7\u00e3o : 1856<br \/>\nGent\u00edlico: ribeiro-pretano<br \/>\nArea: 650.366 Km\u00b2<br \/>\nPopula\u00e7\u00e3o 674.405 hab. (2016)<img loading=\"lazy\" decoding=\"async\" class=\"size-full wp-image-3080 alignright\" src=\"https:\/\/www.encontraribeiraopreto.com.br\/sobre\/wp-content\/uploads\/bandeira-ribeirao-preto.jpg\" alt=\"\" width=\"145\" height=\"93\" \/><br \/>\nIDH 0,855 &#8211; elevado<br \/>\n<a title=\"Prefeitura Ribeir\u00e3o Preto\" href=\"https:\/\/www.prefeituraderibeiraopreto.org\/\" target=\"_blank\" rel=\"noopener\">Prefeitura Ribeir\u00e3o Preto<\/a><\/p>\n<p>&nbsp;<\/p>\n<h2>Hist\u00f3ria de Ribeir\u00e3o Preto<\/h2>\n<p><img loading=\"lazy\" decoding=\"async\" width=\"565\" height=\"198\" class=\"alignnone size-full wp-image-3079\" style=\"width: 100%; height: auto;\" src=\"https:\/\/www.encontraribeiraopreto.com.br\/sobre\/wp-content\/uploads\/cidade-de-ribeirao-preto.jpg\" alt=\"\" srcset=\"https:\/\/www.encontraribeiraopreto.com.br\/sobre\/wp-content\/uploads\/cidade-de-ribeirao-preto.jpg 565w, https:\/\/www.encontraribeiraopreto.com.br\/sobre\/wp-content\/uploads\/cidade-de-ribeirao-preto-300x105.jpg 300w\" sizes=\"(max-width: 565px) 100vw, 565px\" \/><\/p>\n<p><a href=\"\/\">Ribeir\u00e3o Preto<\/a> \u00e9 um munic\u00edpio brasileiro do interior do estado de S\u00e3o Paulo. Situa-se a 21\u00b0 12\u2019 42&#8243; de latitude sul e 47\u00b0 48\u2019 24&#8243; de longitude oeste, distante 318 km a noroeste da capital estadual e a 706 km de Bras\u00edlia. Seu territ\u00f3rio de pouco mais de 650 km\u00b2 e abriga uma popula\u00e7\u00e3o de 605 114 habitantes (IBGE\/2010) que o classifica como oitavo munic\u00edpio mais populoso do estado e o terceiro mais populoso do interior do Brasil, atr\u00e1s apenas de Campinas e S\u00e3o Jos\u00e9 dos Campos. Sua \u00e1rea urbanizada corresponde a 127 km\u00b2, sendo a 17\u00ba maior do Brasil em \u00e1rea urbana.<\/p>\n<p>Em um raio de pouco mais de 200 km do munic\u00edpio, encontram-se algumas das principais cidades do interior de S\u00e3o Paulo e de Minas Gerais \u2013 <a href=\"https:\/\/www.encontrafranca.com.br\/\" target=\"_blank\" rel=\"noopener noreferrer\">Franca<\/a>, <a href=\"https:\/\/www.encontrabarretos.com.br\/\" target=\"_blank\" rel=\"noopener noreferrer\">Barretos<\/a>, <a href=\"https:\/\/www.encontraararaquara.com.br\/\" target=\"_blank\" rel=\"noopener noreferrer\">Araraquara<\/a>, <a href=\"https:\/\/www.encontrasaocarlos.com.br\/\">S\u00e3o Carlos<\/a>, <a href=\"https:\/\/www.encontrasaojosedoriopreto.com.br\/\" target=\"_blank\" rel=\"noopener noreferrer\">S\u00e3o Jos\u00e9 do Rio Preto<\/a>, <a href=\"https:\/\/www.encontracampinas.com.br\/\" target=\"_blank\" rel=\"noopener noreferrer\">Campinas<\/a>, <a href=\"https:\/\/www.encontrabauru.com.br\/\" target=\"_blank\" rel=\"noopener noreferrer\">Bauru<\/a>, <a href=\"https:\/\/www.encontrapiracicaba.com.br\/\" target=\"_blank\" rel=\"noopener noreferrer\">Piracicaba<\/a>, <a href=\"https:\/\/www.encontrarioclaro.com.br\/\">Rio Claro<\/a>, <a href=\"https:\/\/www.encontralimeirasp.com.br\/\">Limeira<\/a>, <a href=\"https:\/\/www.encontraamericana.com.br\/\">Americana<\/a>, S\u00e3o Sebasti\u00e3o do Para\u00edso, <a href=\"https:\/\/www.encontraminasgerais.com.br\/passos\/\" target=\"_blank\" rel=\"noopener noreferrer\">Passos<\/a>, <a href=\"https:\/\/www.encontrapocosdecaldas.com.br\" target=\"_blank\" rel=\"noopener noreferrer\">Po\u00e7os de Caldas<\/a> e <a href=\"https:\/\/www.encontrauberaba.com.br\" target=\"_blank\" rel=\"noopener noreferrer\">Uberaba<\/a>, sendo o acesso facilitado pelas rodovias que ligam o munic\u00edpio a estas cidades, como a <a href=\"https:\/\/www.encontraribeiraopreto.com.br\/sobre\/rodovia-anhanguera-em-ribeirao-preto\/\">Rodovia Anhanguera<\/a>.<\/p>\n<p>O munic\u00edpio, portanto, situa-se no caminho que liga a Grande S\u00e3o Paulo \u00e0 regi\u00e3o central do pa\u00eds, relativamente pr\u00f3ximo dos principais p\u00f3los econ\u00f4micos e tecnol\u00f3gicos do Interior de S\u00e3o Paulo, Tri\u00e2ngulo Mineiro e Sul de Minas, sendo Ribeir\u00e3o Preto tamb\u00e9m declarada recentemente &#8220;p\u00f3lo tecnol\u00f3gico&#8221; pelo governo do estado de S\u00e3o Paulo.<\/p>\n<p><strong>Economia<\/strong><\/p>\n<p>A regi\u00e3o de Ribeir\u00e3o Preto \u00e9 uma das mais ricas do estado de S\u00e3o Paulo apresentando elevado padr\u00e3o de vida (renda, consumo, longevidade). Al\u00e9m disso, possui bons indicadores sociais (sa\u00fade, educa\u00e7\u00e3o e saneamento), uma localiza\u00e7\u00e3o privilegiada, pr\u00f3xima a importantes centros consumidores, e acesso facilitado devido \u00e0 boa qualidade da infraestrutura de transportes e comunica\u00e7\u00e3o, o munic\u00edpio abriga unidades de algumas empresas multinacionais, tais como Nestl\u00e9, 3M, Microsoft, Holcim, Carrefour (Atacad\u00e3o), Walmart (Sam&#8217;s Club), Outback Steakhouse, Netafim, OHL (Ambient), Wolf Seeds, Telef\u00f3nica, Embratel, Agrichem, Decathlon, Fnac, Cin\u00e9polis, Lavor Wash, Comingersoll, Pearson Education, entre outras.<\/p>\n<p>Ribeir\u00e3o Preto se constitui num p\u00f3lo de atra\u00e7\u00e3o das atividades comerciais e de presta\u00e7\u00e3o de servi\u00e7os da regi\u00e3o, cuja \u00e1rea de influ\u00eancia extrapola os limites da pr\u00f3pria regi\u00e3o de governo, estendendo-se para Barretos, Araraquara, S\u00e3o Carlos, S\u00e3o Jo\u00e3o da Boa Vista, entre outras do pr\u00f3prio estado de S\u00e3o Paulo e at\u00e9 de outros Estados, como a cidade de S\u00e3o Sebasti\u00e3o do Para\u00edso em Minas Gerais.<\/p>\n<p>Conforme pesquisa realizada pela FGV sobre as 100 melhores cidades para construir carreira profissional no Brasil, Ribeir\u00e3o Preto est\u00e1 na 17\u00aa posi\u00e7\u00e3o, sendo que dos munic\u00edpios de interior do Brasil com dist\u00e2ncia superior a 100 km de suas respectivas capitais, somente Maca\u00e9 (6\u00aa posi\u00e7\u00e3o) est\u00e1 a frente de Ribeir\u00e3o Preto<\/p>\n<p><strong>Educa\u00e7\u00e3o<\/strong><\/p>\n<p>Ribeir\u00e3o Preto possui diversas universidades, entre elas, a Universidade de S\u00e3o Paulo (USP), que conta com diversos cursos de gradua\u00e7\u00e3o e p\u00f3s-gradua\u00e7\u00e3o, com um grande centro de pesquisas cient\u00edficas e atendimento m\u00e9dico, o qual responde por 4,5% de toda a produ\u00e7\u00e3o cient\u00edfica nacional, o munic\u00edpio conta tamb\u00e9m com o PISO &#8211; Polo Industrial de Software, voltado ao segmento de Tecnologia da Informa\u00e7\u00e3o (TI), sendo assim, um relevante polo cient\u00edfico do estado de S\u00e3o Paulo e do Brasil.<\/p>\n<p>A edi\u00e7\u00e3o da Revista Veja do dia 1\u00ba de setembro de 2010 traz uma mat\u00e9ria especial, de 47 p\u00e1ginas, onde relaciona as 20 metr\u00f3poles brasileiras do futuro. Trata-se do especial \u201cCidades M\u00e9dias\u201d, que cita, ainda, cinco exemplos a serem seguidos, pois resultaram em experi\u00eancias positivas. <a href=\"\/\">A Cidade Ribeir\u00e3o Preto<\/a> est\u00e1 relacionada entre esses cinco exemplos, notadamente por ser um disputado centro universit\u00e1rio e de pesquisas. Na reportagem, a cidade \u00e9 citada como uma \u201cf\u00e1brica de riqueza\u201d, mas tamb\u00e9m uma \u201cusina de profissionais\u201d, uma verdadeira ant\u00edtese de outros munic\u00edpios, que \u201cimportam\u201d profissionais por falta de qualifica\u00e7\u00e3o de m\u00e3o de obra<\/p>\n<p>Para homenagear a comunidade de moradores desta maravilhosa cidade, o <a href=\"https:\/\/www.encontrasaopaulo.com.br\" target=\"_blank\" rel=\"noopener noreferrer\">Encontra S\u00e3o Paulo<\/a> criou o <a href=\"\/\">Encontra Ribeir\u00e3o Preto<\/a>.<\/p>\n<p>Fonte: Wikipedia<\/p>\n\n<div style=\"font-size: 0px; height: 0px; line-height: 0px; margin: 0; padding: 0; clear: both;\"><\/div>","protected":false},"excerpt":{"rendered":"<p>Cidades de SP: Limites &#8211; Cidades Vizinhas Mococa, Cravinhos, Guatapar\u00e1, Jardin\u00f3polis, Serrana, Dumont, Barrinha,\u00a0Sert\u00e3ozinho, Brodowski. Dados Principais sobre Ribeir\u00e3o Preto Anivers\u00e1rio: 19 de Junho Funda\u00e7\u00e3o : 1856 Gent\u00edlico: ribeiro-pretano Area: 650.366 Km\u00b2 Popula\u00e7\u00e3o 674.405 hab. (2016) IDH 0,855 &#8211; elevado Prefeitura Ribeir\u00e3o Preto &nbsp; Hist\u00f3ria de Ribeir\u00e3o Preto Ribeir\u00e3o Preto \u00e9 um munic\u00edpio brasileiro do interior do estado de S\u00e3o Paulo. Situa-se a 21\u00b0 12\u2019 42&#8243; de latitude sul e 47\u00b0 48\u2019 24&#8243; de longitude oeste, distante 318 km a noroeste da capital estadual e a 706 km de Bras\u00edlia. Seu territ\u00f3rio de pouco mais de 650 km\u00b2 e abriga <\/p>\n","protected":false},"author":1,"featured_media":0,"parent":0,"menu_order":0,"comment_status":"closed","ping_status":"closed","template":"","meta":{"footnotes":""},"class_list":["post-3078","page","type-page","status-publish","hentry"],"aioseo_notices":[],"_links":{"self":[{"href":"https:\/\/www.encontraribeiraopreto.com.br\/sobre\/wp-json\/wp\/v2\/pages\/3078"}],"collection":[{"href":"https:\/\/www.encontraribeiraopreto.com.br\/sobre\/wp-json\/wp\/v2\/pages"}],"about":[{"href":"https:\/\/www.encontraribeiraopreto.com.br\/sobre\/wp-json\/wp\/v2\/types\/page"}],"author":[{"embeddable":true,"href":"https:\/\/www.encontraribeiraopreto.com.br\/sobre\/wp-json\/wp\/v2\/users\/1"}],"replies":[{"embeddable":true,"href":"https:\/\/www.encontraribeiraopreto.com.br\/sobre\/wp-json\/wp\/v2\/comments?post=3078"}],"version-history":[{"count":0,"href":"https:\/\/www.encontraribeiraopreto.com.br\/sobre\/wp-json\/wp\/v2\/pages\/3078\/revisions"}],"wp:attachment":[{"href":"https:\/\/www.encontraribeiraopreto.com.br\/sobre\/wp-json\/wp\/v2\/media?parent=3078"}],"curies":[{"name":"wp","href":"https:\/\/api.w.org\/{rel}","templated":true}]}}