{"id":3845,"date":"2018-06-11T17:10:40","date_gmt":"2018-06-11T20:10:40","guid":{"rendered":"https:\/\/www.encontraribeiraopreto.com.br\/sobre\/?page_id=3845"},"modified":"2019-06-21T23:08:43","modified_gmt":"2019-06-22T02:08:43","slug":"procon-ribeirao-preto","status":"publish","type":"page","link":"https:\/\/www.encontraribeiraopreto.com.br\/sobre\/procon-ribeirao-preto\/","title":{"rendered":"Procon Ribeir\u00e3o Preto"},"content":{"rendered":"<div class=\"cd7ef838bed10b2b4567f853226bc383\" data-index=\"1\" style=\"float: none; margin:0px;\">\n<!-- Anuncio display - global -->\r\n<ins class=\"adsbygoogle\"\r\n     style=\"display:block\"\r\n     data-ad-client=\"ca-pub-8585364105181520\"\r\n     data-ad-slot=\"8789329856\"\r\n     data-ad-format=\"auto\"\r\n     data-full-width-responsive=\"true\"><\/ins>\r\n<script>\r\n     (adsbygoogle = window.adsbygoogle || []).push({});\r\n<\/script>\r\n\n<\/div>\n<p>O\u00a0<strong>PROCON <\/strong>tem como miss\u00e3o principal equilibrar e harmonizar as rela\u00e7\u00f5es entre consumidores e fornecedores.<\/p>\n<p>Tem por objetivo elaborar e executar a pol\u00edtica de prote\u00e7\u00e3o e defesa dos consumidores do Estado da Bahia.<\/p>\n<p>Para tanto conta com o apoio de um grupo t\u00e9cnico multidisciplinar que desenvolve atividades nas mais diversas \u00e1reas de atua\u00e7\u00e3o.<\/p>\n<p><img loading=\"lazy\" decoding=\"async\" class=\"alignnone wp-image-3847 size-full\" title=\"Procon Ribeir\u00e3o Preto\" src=\"https:\/\/www.encontraribeiraopreto.com.br\/sobre\/wp-content\/uploads\/procon-ribeirao-preto.jpg\" alt=\"Procon Ribeir\u00e3o Preto\" width=\"680\" height=\"189\" srcset=\"https:\/\/www.encontraribeiraopreto.com.br\/sobre\/wp-content\/uploads\/procon-ribeirao-preto.jpg 680w, https:\/\/www.encontraribeiraopreto.com.br\/sobre\/wp-content\/uploads\/procon-ribeirao-preto-300x83.jpg 300w\" sizes=\"(max-width: 680px) 100vw, 680px\" \/><\/p>\n<p>Para quem busca atendimento na capital baiana tem \u00e0 disposi\u00e7\u00e3o 08 postos de atendimento do PROCON.O atendimento \u00e9 realizado por meio de senhas que s\u00e3o distribu\u00eddas diariamente no pr\u00f3prio \u00f3rg\u00e3o.<\/p>\n<p>Ao buscar atendimento no PROCON Salvador \u00e9 importante que voc\u00ea re\u00fana antes os documentos pessoais (Carteira de Identidade, CPF, comprovante de endere\u00e7o\u2026) e os que comprove a rela\u00e7\u00e3o de consumo, tais como recibo, Nota Fiscal, e-mail.<\/p>\n<p>Todo consumidor que more em Salvador \u2013 BA ou tenha comprado um produto na cidade, mesmo que resida em outra cidade deve contatar o PROCON Salvador \u2013 BA a fim de protocolar uma reclama\u00e7\u00e3o.<\/p>\n<p>Toda reclama\u00e7\u00e3o protocolada \u00e9 v\u00e1lida desde que o produto ou servi\u00e7o prestado seja para consumidor final.<\/p>\n<h2>Procon Ribeir\u00e3o Preto Online<\/h2>\n<p>J\u00e1 \u00e9 poss\u00edvel registrar uma reclama\u00e7\u00e3o no Procon Ribeir\u00e3o Preto SP atrav\u00e9s da <em>internet<\/em>, cadastro da reclama\u00e7\u00e3o deve ser feito no portal <a href=\"http:\/\/Consumidor.gov.br\" target=\"_blank\" rel=\"noopener noreferrer\">https:\/\/www.consumidor.gov.br\/<\/a>.<\/p>\n<h3>Procon Ribeir\u00e3o Preto Whatsapp<\/h3>\n<p>A Funda\u00e7\u00e3o Procon anunciou um novo <em>canal de comunica\u00e7\u00e3o<\/em> com os consumidores em Ribeir\u00e3o Preto (SP). A partir desta semana, d\u00favidas e den\u00fancias ao \u00f3rg\u00e3o podem ser enviadas pelo <em>aplicativo WhatsApp<\/em>: o n\u00famero \u00e9 (16) 98875-2783.<\/p>\n<p>Entre os casos que ser\u00e3o atendidos por meio da ferramenta est\u00e3o demora em filas de bancos, diverg\u00eancias de pre\u00e7os em estabelecimentos, entre outros problemas que desrespeitem o C\u00f3digo de Defesa do Consumidor (CDC).<\/p>\n<h3>Hor\u00e1rio de Funcionamento Procon Ribeir\u00e3o Preto<\/h3>\n<ul>\n<li>Segunda a sexta das 8h30 \u00e0s 16h<\/li>\n<\/ul>\n<h3>Onde Fica, Endere\u00e7o e Telefone Procon Ribeir\u00e3o Preto<\/h3>\n<ul>\n<li>R. Duque de Caxias, 1181 &#8211; Centro, Ribeir\u00e3o Preto &#8211; SP<\/li>\n<li>Telefone: 0800 772 9198<\/li>\n<\/ul>\n<h4>Outras informa\u00e7\u00f5es e site<\/h4>\n<ul>\n<li>Mais informa\u00e7\u00f5es: <a href=\"http:\/\/www.procon.sp.gov.br\" target=\"_blank\" rel=\"noopener noreferrer\">www.procon.sp.gov.br\/<\/a><\/li>\n<\/ul>\n<h4>Mapa de localiza\u00e7\u00e3o<\/h4>\n<a class=\"wp-colorbox-iframe\" href=\"https:\/\/www.google.com\/maps\/embed?pb=!1m14!1m8!1m3!1d14881.42786660856!2d-47.8040171!3d-21.1779739!3m2!1i1024!2i768!4f13.1!3m3!1m2!1s0x00x76f452861297483b!2sPROCON+-+Ribeiro+Preto!5e0!3m2!1spt-BR!2sbr!4v1528742078828\"><img decoding=\"async\" src=\"http:\/\/www.encontrabelohorizonte.com.br\/imgs\/maps-post.png\"><\/a>\n\n<div style=\"font-size: 0px; height: 0px; line-height: 0px; margin: 0; padding: 0; clear: both;\"><\/div>","protected":false},"excerpt":{"rendered":"<p>O\u00a0PROCON tem como miss\u00e3o principal equilibrar e harmonizar as rela\u00e7\u00f5es entre consumidores e fornecedores. Tem por objetivo elaborar e executar a pol\u00edtica de prote\u00e7\u00e3o e defesa dos consumidores do Estado da Bahia. Para tanto conta com o apoio de um grupo t\u00e9cnico multidisciplinar que desenvolve atividades nas mais diversas \u00e1reas de atua\u00e7\u00e3o. Para quem busca atendimento na capital baiana tem \u00e0 disposi\u00e7\u00e3o 08 postos de atendimento do PROCON.O atendimento \u00e9 realizado por meio de senhas que s\u00e3o distribu\u00eddas diariamente no pr\u00f3prio \u00f3rg\u00e3o. Ao buscar atendimento no PROCON Salvador \u00e9 importante que voc\u00ea re\u00fana antes os documentos pessoais (Carteira de Identidade, <\/p>\n","protected":false},"author":1,"featured_media":0,"parent":0,"menu_order":0,"comment_status":"closed","ping_status":"closed","template":"","meta":{"footnotes":""},"class_list":["post-3845","page","type-page","status-publish","hentry"],"aioseo_notices":[],"_links":{"self":[{"href":"https:\/\/www.encontraribeiraopreto.com.br\/sobre\/wp-json\/wp\/v2\/pages\/3845"}],"collection":[{"href":"https:\/\/www.encontraribeiraopreto.com.br\/sobre\/wp-json\/wp\/v2\/pages"}],"about":[{"href":"https:\/\/www.encontraribeiraopreto.com.br\/sobre\/wp-json\/wp\/v2\/types\/page"}],"author":[{"embeddable":true,"href":"https:\/\/www.encontraribeiraopreto.com.br\/sobre\/wp-json\/wp\/v2\/users\/1"}],"replies":[{"embeddable":true,"href":"https:\/\/www.encontraribeiraopreto.com.br\/sobre\/wp-json\/wp\/v2\/comments?post=3845"}],"version-history":[{"count":0,"href":"https:\/\/www.encontraribeiraopreto.com.br\/sobre\/wp-json\/wp\/v2\/pages\/3845\/revisions"}],"wp:attachment":[{"href":"https:\/\/www.encontraribeiraopreto.com.br\/sobre\/wp-json\/wp\/v2\/media?parent=3845"}],"curies":[{"name":"wp","href":"https:\/\/api.w.org\/{rel}","templated":true}]}}