{"id":3904,"date":"2018-06-11T17:54:03","date_gmt":"2018-06-11T20:54:03","guid":{"rendered":"https:\/\/www.encontraribeiraopreto.com.br\/sobre\/?page_id=3904"},"modified":"2019-06-26T11:29:39","modified_gmt":"2019-06-26T14:29:39","slug":"ciee-ribeirao-preto","status":"publish","type":"page","link":"https:\/\/www.encontraribeiraopreto.com.br\/sobre\/ciee-ribeirao-preto\/","title":{"rendered":"Ciee Ribeir\u00e3o Preto"},"content":{"rendered":"<div class=\"cd7ef838bed10b2b4567f853226bc383\" data-index=\"1\" style=\"float: none; margin:0px;\">\n<!-- Anuncio display - global -->\r\n<ins class=\"adsbygoogle\"\r\n     style=\"display:block\"\r\n     data-ad-client=\"ca-pub-8585364105181520\"\r\n     data-ad-slot=\"8789329856\"\r\n     data-ad-format=\"auto\"\r\n     data-full-width-responsive=\"true\"><\/ins>\r\n<script>\r\n     (adsbygoogle = window.adsbygoogle || []).push({});\r\n<\/script>\r\n\n<\/div>\n<p>O Centro de Integra\u00e7\u00e3o Empresa-Escola (CIEE) \u00e9 uma institui\u00e7\u00e3o filantr\u00f3pica, mantida pelo empresariado nacional, de assist\u00eancia social, sem finalidades lucrativas, que trabalha em prol da juventude estudantil brasileira.<\/p>\n<p>O maior objetivo do\u00a0<strong>CIEE Ribeir\u00e3o Preto<\/strong>\u00a0\u00e9 encontrar para os estudantes de n\u00edvel m\u00e9dio, t\u00e9cnico e superior oportunidades de est\u00e1gio ou aprendizado, que os auxiliem a colocar em pr\u00e1tica tudo o que aprenderam na teoria.<\/p>\n<p><img loading=\"lazy\" decoding=\"async\" class=\"alignnone wp-image-3906 size-full\" title=\"Ciee Ribeir\u00e3o Preto\" src=\"https:\/\/www.encontraribeiraopreto.com.br\/sobre\/wp-content\/uploads\/ciee-ribeirao-preto.jpg\" alt=\"Ciee Ribeir\u00e3o Preto\" width=\"680\" height=\"189\" srcset=\"https:\/\/www.encontraribeiraopreto.com.br\/sobre\/wp-content\/uploads\/ciee-ribeirao-preto.jpg 680w, https:\/\/www.encontraribeiraopreto.com.br\/sobre\/wp-content\/uploads\/ciee-ribeirao-preto-300x83.jpg 300w\" sizes=\"(max-width: 680px) 100vw, 680px\" \/><\/p>\n<p>O Centro de Integra\u00e7\u00e3o Empresa-Escola \u2013 CIEE \u00e9 uma associa\u00e7\u00e3o civil de direito privado, sem fins lucrativos e de fins n\u00e3o econ\u00f4micos, reconhecida como entidade de assist\u00eancia social que, por meio de diversos programas, dentre eles o de aprendizagem e o est\u00e1gio de estudantes, possibilita aos adolescentes e jovens uma forma\u00e7\u00e3o integral, ingressando-os ao mundo do trabalho.<\/p>\n<h2>Ciee Ribeir\u00e3o Preto Cadastro<\/h2>\n<p>O Portal CIEE pode ser acessado por todos os internautas, entretanto, alguns ambientes s\u00e3o restritos apenas para <em>cadastrados.<\/em><br \/>\nO <em>cadastramento<\/em> deve ser realizado conforme perfil do internauta: visitante, estagi\u00e1rio, estudantes com interesse em programas de est\u00e1gio, adolescente aprendiz, cursos, oficinas de capacita\u00e7\u00e3o, palestas, entre outros.<\/p>\n<h3>Ciee Ribeir\u00e3o Preto Vagas<\/h3>\n<p>O Centro de Integra\u00e7\u00e3o Escola-Empresa (CIEE) est\u00e1 com inscri\u00e7\u00f5es abertas para <span style=\"text-decoration: underline;\">vagas<\/span> de est\u00e1gio voltadas para estudantes de ensino superior, m\u00e9dio e t\u00e9cnico em \u00f3rg\u00e3os do Governo do Estado. H\u00e1 <span style=\"text-decoration: underline;\">vagas<\/span> para cadastro de reserva em munic\u00edpios da regi\u00e3o, como Ribeir\u00e3o Preto, Sert\u00e3ozinho e Serra Azul.<\/p>\n<h3>Ribeir\u00e3o Preto Aprendiz Legal<\/h3>\n<p>Existe um grande contingente de jovens brasileiros que ainda n\u00e3o tem acesso a uma oportunidade de inser\u00e7\u00e3o no mundo do trabalho. Essa parcela da popula\u00e7\u00e3o \u00e9 \u00e1vida por conhecimento pr\u00e1tico e profissionalizante, e ganhou respaldo oficial em meados dos anos 2000.<\/p>\n<p>A Lei da Aprendizagem (n\u00b0 10.097\/2000) determina que uma cota entre 5% e 15% das vagas das companhias consideradas de m\u00e9dio e grande porte seja destinada aos jovens entre 14 a 24 anos incompletos, sendo estudante dos ensinos Fundamental, M\u00e9dio, T\u00e9cnico ou formado.<\/p>\n<p>Com a inten\u00e7\u00e3o de selecionar e encontrar esses jovens que desejam uma coloca\u00e7\u00e3o, o Centro de Integra\u00e7\u00e3o Empresa-Escola \u2013 CIEE se uniu \u00e0 Funda\u00e7\u00e3o Roberto Marinho para ampliar o alcance do Programa Aprendiz Legal. Conhe\u00e7a mais sobre essa iniciativa pioneira:<\/p>\n<h3>Hor\u00e1rio de Funcionamento Ciee Ribeir\u00e3o Preto<\/h3>\n<ul>\n<li>Segunda a sexta das 8h \u00e1s 17h30<\/li>\n<\/ul>\n<h3>Onde Fica,\u00a0Endere\u00e7o e Telefone Ciee Ribeir\u00e3o Preto<\/h3>\n<ul>\n<li>Rua In\u00e1cio Lu\u00eds Pinto, 388 &#8211; Alto da Boa Vista &#8211; Ribeir\u00e3o Preto &#8211; SP<\/li>\n<li>Telefone: 3003-2433<\/li>\n<\/ul>\n<h4>Outras informa\u00e7\u00f5es e site<\/h4>\n<ul>\n<li>Mais informa\u00e7\u00f5es: <a href=\"http:\/\/www.ciee.org.br\/portal\/index.asp\" target=\"_blank\" rel=\"noopener noreferrer\">www.ciee.org.br<\/a><\/li>\n<\/ul>\n<h4>Mapa de localiza\u00e7\u00e3o<\/h4>\n<a class=\"wp-colorbox-iframe\" href=\"https:\/\/www.google.com\/maps\/embed?pb=!1m18!1m12!1m3!1d14878.824432933738!2d-47.80477072799199!3d-21.203830769369908!2m3!1f0!2f0!3f0!3m2!1i1024!2i768!4f13.1!3m3!1m2!1s0x94b9bed27b908f650xea354c74cd3d8e69!2sCIEE+Ribeiro+Preto!5e0!3m2!1spt-BR!2sbr!4v1528742174405\"><img decoding=\"async\" src=\"http:\/\/www.encontrabelohorizonte.com.br\/imgs\/maps-post.png\"><\/a>\n\n<div style=\"font-size: 0px; height: 0px; line-height: 0px; margin: 0; padding: 0; clear: both;\"><\/div>","protected":false},"excerpt":{"rendered":"<p>O Centro de Integra\u00e7\u00e3o Empresa-Escola (CIEE) \u00e9 uma institui\u00e7\u00e3o filantr\u00f3pica, mantida pelo empresariado nacional, de assist\u00eancia social, sem finalidades lucrativas, que trabalha em prol da juventude estudantil brasileira. O maior objetivo do\u00a0CIEE Ribeir\u00e3o Preto\u00a0\u00e9 encontrar para os estudantes de n\u00edvel m\u00e9dio, t\u00e9cnico e superior oportunidades de est\u00e1gio ou aprendizado, que os auxiliem a colocar em pr\u00e1tica tudo o que aprenderam na teoria. O Centro de Integra\u00e7\u00e3o Empresa-Escola \u2013 CIEE \u00e9 uma associa\u00e7\u00e3o civil de direito privado, sem fins lucrativos e de fins n\u00e3o econ\u00f4micos, reconhecida como entidade de assist\u00eancia social que, por meio de diversos programas, dentre eles o de <\/p>\n","protected":false},"author":1,"featured_media":0,"parent":0,"menu_order":0,"comment_status":"closed","ping_status":"closed","template":"","meta":{"footnotes":""},"class_list":["post-3904","page","type-page","status-publish","hentry"],"aioseo_notices":[],"_links":{"self":[{"href":"https:\/\/www.encontraribeiraopreto.com.br\/sobre\/wp-json\/wp\/v2\/pages\/3904"}],"collection":[{"href":"https:\/\/www.encontraribeiraopreto.com.br\/sobre\/wp-json\/wp\/v2\/pages"}],"about":[{"href":"https:\/\/www.encontraribeiraopreto.com.br\/sobre\/wp-json\/wp\/v2\/types\/page"}],"author":[{"embeddable":true,"href":"https:\/\/www.encontraribeiraopreto.com.br\/sobre\/wp-json\/wp\/v2\/users\/1"}],"replies":[{"embeddable":true,"href":"https:\/\/www.encontraribeiraopreto.com.br\/sobre\/wp-json\/wp\/v2\/comments?post=3904"}],"version-history":[{"count":0,"href":"https:\/\/www.encontraribeiraopreto.com.br\/sobre\/wp-json\/wp\/v2\/pages\/3904\/revisions"}],"wp:attachment":[{"href":"https:\/\/www.encontraribeiraopreto.com.br\/sobre\/wp-json\/wp\/v2\/media?parent=3904"}],"curies":[{"name":"wp","href":"https:\/\/api.w.org\/{rel}","templated":true}]}}