{"id":3913,"date":"2018-06-11T18:02:44","date_gmt":"2018-06-11T21:02:44","guid":{"rendered":"https:\/\/www.encontraribeiraopreto.com.br\/sobre\/?page_id=3913"},"modified":"2019-06-27T11:28:14","modified_gmt":"2019-06-27T14:28:14","slug":"paroquia-cristo-rei-ribeirao-preto","status":"publish","type":"page","link":"https:\/\/www.encontraribeiraopreto.com.br\/sobre\/paroquia-cristo-rei-ribeirao-preto\/","title":{"rendered":"Par\u00f3quia Cristo Rei Ribeir\u00e3o Preto"},"content":{"rendered":"<div class=\"cd7ef838bed10b2b4567f853226bc383\" data-index=\"1\" style=\"float: none; margin:0px;\">\n<!-- Anuncio display - global -->\r\n<ins class=\"adsbygoogle\"\r\n     style=\"display:block\"\r\n     data-ad-client=\"ca-pub-8585364105181520\"\r\n     data-ad-slot=\"8789329856\"\r\n     data-ad-format=\"auto\"\r\n     data-full-width-responsive=\"true\"><\/ins>\r\n<script>\r\n     (adsbygoogle = window.adsbygoogle || []).push({});\r\n<\/script>\r\n\n<\/div>\n<p><strong>Par\u00f3quia Cristo Rei Ribeir\u00e3o Preto\u00a0<\/strong>\u00e9 um\u00a0espa\u00e7o de evangeliza\u00e7\u00e3o feito para voc\u00ea!<\/p>\n<p>O objetivo da Par\u00f3quia Cristo Rei \u00e9 inform\u00e1-lo sobre as a\u00e7\u00f5es pastorais, agendas e atividades.<\/p>\n<p><img loading=\"lazy\" decoding=\"async\" class=\"alignnone wp-image-3915 size-full\" title=\"Par\u00f3quia Cristo Rei Ribeir\u00e3o Preto\" src=\"https:\/\/www.encontraribeiraopreto.com.br\/sobre\/wp-content\/uploads\/paroquia-cristo-rei-ribeirao-preto.jpg\" alt=\"Par\u00f3quia Cristo Rei Ribeir\u00e3o Preto\" width=\"680\" height=\"189\" srcset=\"https:\/\/www.encontraribeiraopreto.com.br\/sobre\/wp-content\/uploads\/paroquia-cristo-rei-ribeirao-preto.jpg 680w, https:\/\/www.encontraribeiraopreto.com.br\/sobre\/wp-content\/uploads\/paroquia-cristo-rei-ribeirao-preto-300x83.jpg 300w\" sizes=\"(max-width: 680px) 100vw, 680px\" \/><\/p>\n<p>Dom Romeu Alberti Arcebispo Metropolitano de Ribeir\u00e3o Preto, ao desempenho dos seus encargos Arqui-episcopais e visando o melhor atendimento pastoral da popula\u00e7\u00e3o de Ribeir\u00e3o Preto, em constante crescimento depois de ouvir o parecer favor\u00e1vel dos membros do Cabido\u00a0Metropolitano, na forma dos C\u00e2nons 1427 par\u00e1grafo 1\u00ba. E 1428 par\u00e1grafo 1\u00ba.<\/p>\n<p>Do c\u00f3digo de direito can\u00f4nico pelo presente decreto, exige canonicamente a Par\u00f3quia de Cristo Rei, na cidade de Ribeir\u00e3o Preto, por desmembramento da Par\u00f3quia de Nossa Senhora Aparecida, em Vila Seixas, formada e configurada pela popula\u00e7\u00e3o residente na \u00e1rea circunscrita pelos seguintes limites: partindo-se da conflu\u00eancia entre as Avenidas Presidente Vargas e Antonio Diedericksen, segue-se por esta at\u00e9 a Avenida Mariana de Jesus Condeixa, pela esquerda se chega a Avenida Treze de maio at\u00e9 atingir a Rua Atibaia, atingindo o C\u00f3rrego do Tanquinho, segue-se pela Avenida Bar\u00e3o do Bananal, seguindo-se em linha reta at\u00e9 o Anel Vi\u00e1rio, atingindo a Rodovia Anhanguera. Por este indo at\u00e9 o limite do Distrito de Bonfim Paulista, o qual o contornando, leva ao limite do Distrito de Guatapar\u00e1-Dumont. Fica-se inclu\u00eddo na Par\u00f3quia as comunidades cat\u00f3licas que se encontrarem dentro da \u00e1rea acima demarcada.<br \/>\nO Padroeiro ser\u00e1 Cristo Rei de acordo com o t\u00edtulo dado a Igreja Matriz Paroquial, com todos os direitos e faculdades que lhe competem pelo Direito Can\u00f4nico.<\/p>\n<p>Este Decreto, que entrar\u00e1 em vigor na data de sua publica\u00e7\u00e3o, ser\u00e1 transcrito no livro de limites paroquial da C\u00faria Metropolitana, e depois de lido aos fi\u00e9is da nova Par\u00f3quia, ser\u00e1 transcrito no livro de tombo e arquivado entre os documentos paroquiais.<\/p>\n<p>C\u00faria Metropolitana de Ribeir\u00e3o Preto, aos 24 dias do m\u00eas de dezembro de 1982 (Um mil novecentos e oitenta e dois) sob o sinal e selo de Dom Romeu Albert- Arcebispo Metropolitano de Ribeir\u00e3o Preto.<\/p>\n<p>Assina-se junto, C\u00f4nego Hor\u00e1cio Longo \u2013 Chanceler do Arcebispado.<\/p>\n<p><strong>MISS\u00c3O<\/strong><\/p>\n<p>Antes de subir ao c\u00e9u, Jesus disse: \u201cIde, pois, e fazei disc\u00edpulos a todas as na\u00e7\u00f5es\u201d (Mt 28,19). Desde ent\u00e3o, a Igreja Cat\u00f3lica tem entendido que a sua principal miss\u00e3o \u00e9 evangelizar. No entanto, a evangeliza\u00e7\u00e3o n\u00e3o se limita aos mission\u00e1rios enviados a terras long\u00ednquas. N\u00f3s tamb\u00e9m temos a miss\u00e3o de levar a mensagem do Evangelho e do amor a Deus para a nossa fam\u00edlia e amigos.<\/p>\n<h2>Hor\u00e1rios das Missas Par\u00f3quia Cristo Rei Ribeir\u00e3o Preto<\/h2>\n<ul>\n<li>Ter\u00e7as \u00e0s 19h30 Missa da fam\u00edlia<\/li>\n<li>Quartas \u00e0s 19h30 Missa B\u00ean\u00e7\u00e3os, Cura e Liberta\u00e7\u00e3o<\/li>\n<li>Quintas \u00e0s 19h30 Missa aos Enfermos<\/li>\n<li>S\u00e1bados \u00e0s 18h30<\/li>\n<li>Domingos \u00e0s 8h \/ 18h \/ 19h30<\/li>\n<\/ul>\n<h3>Onde Fica, Endere\u00e7o e Telefone Par\u00f3quia Cristo Rei Ribeir\u00e3o Preto<\/h3>\n<ul>\n<li>R. Arnaldo Victaliano, 1237 &#8211; Jardim Palma Travassos &#8211; Ribeir\u00e3o Preto &#8211; SP<\/li>\n<li>Telefone: (16) 3624-6741<\/li>\n<\/ul>\n<h4>Outras informa\u00e7\u00f5es e site<\/h4>\n<ul>\n<li>Mais informa\u00e7\u00f5es: <a href=\"https:\/\/www.cristoreirp.com.br\/\" target=\"_blank\" rel=\"noopener noreferrer\">https:\/\/www.cristoreirp.com.br\/<\/a><\/li>\n<\/ul>\n<h4>Mapa de localiza\u00e7\u00e3o<\/h4>\n<a class=\"wp-colorbox-iframe\" href=\"https:\/\/www.google.com\/maps\/embed?pb=!1m14!1m8!1m3!1d14879.908183076664!2d-47.7837206!3d-21.1930708!3m2!1i1024!2i768!4f13.1!3m3!1m2!1s0x00x655e36b175e0c8b2!2sParquia+Cristo+Rei!5e0!3m2!1spt-BR!2sbr!4v1528726005691\"><img decoding=\"async\" src=\"http:\/\/www.encontrabelohorizonte.com.br\/imgs\/maps-post.png\"><\/a>\n\n<div style=\"font-size: 0px; height: 0px; line-height: 0px; margin: 0; padding: 0; clear: both;\"><\/div>","protected":false},"excerpt":{"rendered":"<p>Par\u00f3quia Cristo Rei Ribeir\u00e3o Preto\u00a0\u00e9 um\u00a0espa\u00e7o de evangeliza\u00e7\u00e3o feito para voc\u00ea! O objetivo da Par\u00f3quia Cristo Rei \u00e9 inform\u00e1-lo sobre as a\u00e7\u00f5es pastorais, agendas e atividades. Dom Romeu Alberti Arcebispo Metropolitano de Ribeir\u00e3o Preto, ao desempenho dos seus encargos Arqui-episcopais e visando o melhor atendimento pastoral da popula\u00e7\u00e3o de Ribeir\u00e3o Preto, em constante crescimento depois de ouvir o parecer favor\u00e1vel dos membros do Cabido\u00a0Metropolitano, na forma dos C\u00e2nons 1427 par\u00e1grafo 1\u00ba. E 1428 par\u00e1grafo 1\u00ba. Do c\u00f3digo de direito can\u00f4nico pelo presente decreto, exige canonicamente a Par\u00f3quia de Cristo Rei, na cidade de Ribeir\u00e3o Preto, por desmembramento da Par\u00f3quia de <\/p>\n","protected":false},"author":1,"featured_media":0,"parent":0,"menu_order":0,"comment_status":"closed","ping_status":"closed","template":"","meta":{"footnotes":""},"class_list":["post-3913","page","type-page","status-publish","hentry"],"aioseo_notices":[],"_links":{"self":[{"href":"https:\/\/www.encontraribeiraopreto.com.br\/sobre\/wp-json\/wp\/v2\/pages\/3913"}],"collection":[{"href":"https:\/\/www.encontraribeiraopreto.com.br\/sobre\/wp-json\/wp\/v2\/pages"}],"about":[{"href":"https:\/\/www.encontraribeiraopreto.com.br\/sobre\/wp-json\/wp\/v2\/types\/page"}],"author":[{"embeddable":true,"href":"https:\/\/www.encontraribeiraopreto.com.br\/sobre\/wp-json\/wp\/v2\/users\/1"}],"replies":[{"embeddable":true,"href":"https:\/\/www.encontraribeiraopreto.com.br\/sobre\/wp-json\/wp\/v2\/comments?post=3913"}],"version-history":[{"count":0,"href":"https:\/\/www.encontraribeiraopreto.com.br\/sobre\/wp-json\/wp\/v2\/pages\/3913\/revisions"}],"wp:attachment":[{"href":"https:\/\/www.encontraribeiraopreto.com.br\/sobre\/wp-json\/wp\/v2\/media?parent=3913"}],"curies":[{"name":"wp","href":"https:\/\/api.w.org\/{rel}","templated":true}]}}