{"id":3965,"date":"2018-06-12T16:17:29","date_gmt":"2018-06-12T19:17:29","guid":{"rendered":"https:\/\/www.encontraribeiraopreto.com.br\/sobre\/?page_id=3965"},"modified":"2019-06-27T11:35:43","modified_gmt":"2019-06-27T14:35:43","slug":"rodoviaria-ribeirao-preto","status":"publish","type":"page","link":"https:\/\/www.encontraribeiraopreto.com.br\/sobre\/rodoviaria-ribeirao-preto\/","title":{"rendered":"Rodovi\u00e1ria Ribeir\u00e3o Preto"},"content":{"rendered":"<div class=\"cd7ef838bed10b2b4567f853226bc383\" data-index=\"1\" style=\"float: none; margin:0px;\">\n<!-- Anuncio display - global -->\r\n<ins class=\"adsbygoogle\"\r\n     style=\"display:block\"\r\n     data-ad-client=\"ca-pub-8585364105181520\"\r\n     data-ad-slot=\"8789329856\"\r\n     data-ad-format=\"auto\"\r\n     data-full-width-responsive=\"true\"><\/ins>\r\n<script>\r\n     (adsbygoogle = window.adsbygoogle || []).push({});\r\n<\/script>\r\n\n<\/div>\n<p>A <strong>Rodovi\u00e1ria Ribeir\u00e3o Preto<\/strong> passou ao controle da Socicam em outubro de 1976.<\/p>\n<p>Entre as melhorias e obras de manuten\u00e7\u00e3o realizadas ate 2000, destacaram-se a constru\u00e7\u00e3o de um conjunto de 11 novas plataformas de embarque na parte externa, bem como de rampas de acesso especialmente projetadas para deficientes f\u00edsicos; a implanta\u00e7\u00e3o de um conjunto de bilheterias no sagu\u00e3o principal; e a reforma dos sanit\u00e1rios e da lanchonete.<\/p>\n<p><img loading=\"lazy\" decoding=\"async\" class=\"alignnone wp-image-3968 size-full\" title=\"Rodovi\u00e1ria Ribeir\u00e3o Preto\" src=\"https:\/\/www.encontraribeiraopreto.com.br\/sobre\/wp-content\/uploads\/rodoviaria-ribeirao-preto.jpg\" alt=\"Rodovi\u00e1ria Ribeir\u00e3o Preto\" width=\"680\" height=\"189\" srcset=\"https:\/\/www.encontraribeiraopreto.com.br\/sobre\/wp-content\/uploads\/rodoviaria-ribeirao-preto.jpg 680w, https:\/\/www.encontraribeiraopreto.com.br\/sobre\/wp-content\/uploads\/rodoviaria-ribeirao-preto-300x83.jpg 300w\" sizes=\"(max-width: 680px) 100vw, 680px\" \/><\/p>\n<p>Em Dezembro de 2000, a Socicam comprou a unidade aut\u00f4noma do Condom\u00ednio Shopping Ribeir\u00e3o Preto correspondente ao pr\u00e9dio do terminal rodovi\u00e1rio (36% da \u00e1rea total do Shopping) atrav\u00e9s de leil\u00e3o oficial da Caixa Econ\u00f4mica Federal. Iniciou, a partir da\u00ed, ampla reforma nas plataformas e sagu\u00e3o central, incluindo acessos, comunica\u00e7\u00e3o visual e mix de lojas.<\/p>\n<p>A principal novidade foi a constru\u00e7\u00e3o de quatro novas plataformas cobertas, que vieram somar- se as j\u00e1 existentes. Al\u00e9m disso, t\u00e9cnicas paisag\u00edsticas utilizadas na reformula\u00e7\u00e3o do sagu\u00e3o principal, com o objetivo de tornar mais agrad\u00e1vel \u2018a espera dos passageiros \u2013 foram colocados 150 bancos novos, floreiras e todas as bilheterias foram reformadas. O posto policial tamb\u00e9m foi reformado e os viajantes ganharam o Centro de Apoio ao Usu\u00e1rio, para facilitar a procura por guich\u00eas e servi\u00e7os.<\/p>\n<p>As obras foram finalizadas em dezembro de 2001, depois de tr\u00eas meses, e consumiram RS 500 mil. A entrega culminou no 25: Anivers\u00e1rio do Condom\u00ednio Shopping Ribeir\u00e3o Preto, em solenidade com a presen\u00e7a do prefeito Antonio Palocci Jr., de secret\u00e1rios municipais e vereadores e de toda a diretoria da Socicam.<\/p>\n<p>Em agosto de 2007, a Socicam iniciou-se uma nova etapa, reforma, amplia\u00e7\u00e3o e revitaliza\u00e7\u00e3o do Terminal Rodovi\u00e1rio Ribeir\u00e3o Preto, investindo em acessibilidade tais como: Elevador, Escadas Rolantes, Sanit\u00e1rios especiais para deficientes f\u00edsicos, etc; A nova etapa esta em fase de conclus\u00e3o para o melhor atendimento dos usu\u00e1rios.<\/p>\n<h2>Rodovi\u00e1ria Ribeir\u00e3o Preto Cometa<\/h2>\n<p><em>Via\u00e7\u00e3o Cometa<\/em> \u00e9 uma empresa de transporte rodovi\u00e1rio que trabalha nos trechos Rio de Janeiro | Belo Horizonte | Curitiba | Campinas | S\u00e3o Jos\u00e9 do Rio Preto | Franca | Juiz de Fora | Santos | Aparecida | Po\u00e7os de Caldas | Araraquara | Ribeir\u00e3o Preto | Sorocaba.<\/p>\n<h3>Rodovi\u00e1ria Ribeir\u00e3o Preto Itamarati<\/h3>\n<p><em>Expresso Itamarati,<\/em> empresa especializada em transporte de passageiros e encomendas.<\/p>\n<h3>Rodovi\u00e1ria Ribeir\u00e3o Preto R\u00e1pido Ribeir\u00e3o<\/h3>\n<p>Inaugurada em 1968, a <em>Via\u00e7\u00e3o R\u00e1pido Ribeir\u00e3o Preto<\/em> teve seu in\u00edcio com o intuito de realizar viagens de \u00f4nibus mais r\u00e1pidas do interior de S\u00e3o Paulo para a capital e vice-versa. Com sede na cidade de mesmo nome, a Rapido Ribeir\u00e3o tornou-se uma dos empresas mais recomendadas da cidade. Em 1995 come\u00e7ou a fazer parte do grupo 1001 e em 2000 investiu 5 milh\u00f4es de reais na renova\u00e7\u00e3o da frota, que a fez prosperar e at\u00e9 competir com as companhias a\u00e9reas.<\/p>\n<h3>Hor\u00e1rio de Funcionamento Rodovi\u00e1ria Ribeir\u00e3o Preto<\/h3>\n<ul>\n<li>Atendimento 24 horas<\/li>\n<\/ul>\n<h3>Onde Fica, Endere\u00e7o e Telefone Rodovi\u00e1ria Ribeir\u00e3o Preto<\/h3>\n<ul>\n<li>Av. Jer\u00f4nimo Gon\u00e7alves, 640 &#8211; Centro, Ribeir\u00e3o Preto &#8211; SP<\/li>\n<li>Telefone: (16) 3625-1601.<\/li>\n<\/ul>\n<h4>Outras informa\u00e7\u00f5es e site<\/h4>\n<ul>\n<li>Mais informa\u00e7\u00f5es: <a href=\"https:\/\/rodoviariaonline.com.br\/rodoviaria\/ribeirao-preto\/\" target=\"_blank\" rel=\"noopener noreferrer\">www.rodoviariaonline.com.br\/rodoviaria\/ribeirao-preto\/<\/a><\/li>\n<\/ul>\n<h4>Mapa de localiza\u00e7\u00e3o<\/h4>\n<a class=\"wp-colorbox-iframe\" href=\"https:\/\/www.google.com\/maps\/embed?pb=!1m14!1m8!1m3!1d14881.836589159779!2d-47.8144745!3d-21.1739118!3m2!1i1024!2i768!4f13.1!3m3!1m2!1s0x00xc49843c6ef6238fa!2sTerminal+Rodovirio!5e0!3m2!1spt-BR!2sbr!4v1528828165267\"><img decoding=\"async\" src=\"http:\/\/www.encontrabelohorizonte.com.br\/imgs\/maps-post.png\"><\/a>\n\n<div style=\"font-size: 0px; height: 0px; line-height: 0px; margin: 0; padding: 0; clear: both;\"><\/div>","protected":false},"excerpt":{"rendered":"<p>A Rodovi\u00e1ria Ribeir\u00e3o Preto passou ao controle da Socicam em outubro de 1976. Entre as melhorias e obras de manuten\u00e7\u00e3o realizadas ate 2000, destacaram-se a constru\u00e7\u00e3o de um conjunto de 11 novas plataformas de embarque na parte externa, bem como de rampas de acesso especialmente projetadas para deficientes f\u00edsicos; a implanta\u00e7\u00e3o de um conjunto de bilheterias no sagu\u00e3o principal; e a reforma dos sanit\u00e1rios e da lanchonete. Em Dezembro de 2000, a Socicam comprou a unidade aut\u00f4noma do Condom\u00ednio Shopping Ribeir\u00e3o Preto correspondente ao pr\u00e9dio do terminal rodovi\u00e1rio (36% da \u00e1rea total do Shopping) atrav\u00e9s de leil\u00e3o oficial da Caixa <\/p>\n","protected":false},"author":1,"featured_media":0,"parent":0,"menu_order":0,"comment_status":"closed","ping_status":"closed","template":"","meta":{"footnotes":""},"class_list":["post-3965","page","type-page","status-publish","hentry"],"aioseo_notices":[],"_links":{"self":[{"href":"https:\/\/www.encontraribeiraopreto.com.br\/sobre\/wp-json\/wp\/v2\/pages\/3965"}],"collection":[{"href":"https:\/\/www.encontraribeiraopreto.com.br\/sobre\/wp-json\/wp\/v2\/pages"}],"about":[{"href":"https:\/\/www.encontraribeiraopreto.com.br\/sobre\/wp-json\/wp\/v2\/types\/page"}],"author":[{"embeddable":true,"href":"https:\/\/www.encontraribeiraopreto.com.br\/sobre\/wp-json\/wp\/v2\/users\/1"}],"replies":[{"embeddable":true,"href":"https:\/\/www.encontraribeiraopreto.com.br\/sobre\/wp-json\/wp\/v2\/comments?post=3965"}],"version-history":[{"count":0,"href":"https:\/\/www.encontraribeiraopreto.com.br\/sobre\/wp-json\/wp\/v2\/pages\/3965\/revisions"}],"wp:attachment":[{"href":"https:\/\/www.encontraribeiraopreto.com.br\/sobre\/wp-json\/wp\/v2\/media?parent=3965"}],"curies":[{"name":"wp","href":"https:\/\/api.w.org\/{rel}","templated":true}]}}