{"id":3993,"date":"2018-06-12T16:38:29","date_gmt":"2018-06-12T19:38:29","guid":{"rendered":"https:\/\/www.encontraribeiraopreto.com.br\/sobre\/?page_id=3993"},"modified":"2023-08-16T14:16:04","modified_gmt":"2023-08-16T17:16:04","slug":"detran-ribeirao-preto","status":"publish","type":"page","link":"https:\/\/www.encontraribeiraopreto.com.br\/sobre\/detran-ribeirao-preto\/","title":{"rendered":"Detran Ribeir\u00e3o Preto"},"content":{"rendered":"<div class=\"cd7ef838bed10b2b4567f853226bc383\" data-index=\"1\" style=\"float: none; margin:0px;\">\n<!-- Anuncio display - global -->\r\n<ins class=\"adsbygoogle\"\r\n     style=\"display:block\"\r\n     data-ad-client=\"ca-pub-8585364105181520\"\r\n     data-ad-slot=\"8789329856\"\r\n     data-ad-format=\"auto\"\r\n     data-full-width-responsive=\"true\"><\/ins>\r\n<script>\r\n     (adsbygoogle = window.adsbygoogle || []).push({});\r\n<\/script>\r\n\n<\/div>\n<p>O Departamento Estadual de Tr\u00e2nsito de S\u00e3o Paulo (<strong>Detran Ribeir\u00e3o Preto<\/strong>) faz parte do Sistema Nacional de Tr\u00e2nsito (SNT) e \u00e9 respons\u00e1vel no estado pelas atividades de tr\u00e2nsito estabelecidas pelo C\u00f3digo de Tr\u00e2nsito Brasileiro (CTB) e por normatiza\u00e7\u00e3o pr\u00f3pria.<\/p>\n<p>S\u00e3o compet\u00eancias do Detran promover educa\u00e7\u00e3o para o tr\u00e2nsito, planejar, coordenar, executar e controlar a\u00e7\u00f5es relacionadas \u00e0 habilita\u00e7\u00e3o de condutores, documenta\u00e7\u00e3o e servi\u00e7os para ve\u00edculos.<\/p>\n<p><img loading=\"lazy\" decoding=\"async\" class=\"alignnone wp-image-3995 size-full\" title=\"Detran Ribeir\u00e3o Preto\" src=\"https:\/\/www.encontraribeiraopreto.com.br\/sobre\/wp-content\/uploads\/detran-ribeirao-preto.jpg\" alt=\"Detran Ribeir\u00e3o Preto\" width=\"680\" height=\"189\" srcset=\"https:\/\/www.encontraribeiraopreto.com.br\/sobre\/wp-content\/uploads\/detran-ribeirao-preto.jpg 680w, https:\/\/www.encontraribeiraopreto.com.br\/sobre\/wp-content\/uploads\/detran-ribeirao-preto-300x83.jpg 300w\" sizes=\"(max-width: 680px) 100vw, 680px\" \/><\/p>\n<p>Al\u00e9m disso, o \u00f3rg\u00e3o produz estat\u00edsticas de tr\u00e2nsito e gerencia a autua\u00e7\u00e3o e a arrecada\u00e7\u00e3o de multas.<\/p>\n<p>O objetivo do \u00f3rg\u00e3o \u00e9 realizar todas essas atividades com qualidade, efici\u00eancia e transpar\u00eancia, contribuindo para a defesa da vida e da cidadania.<\/p>\n<p>O Detran conta com unidades de atendimento em todos os munic\u00edpios do estado. S\u00e3o 336 Circunscri\u00e7\u00f5es Regionais de Tr\u00e2nsito (Ciretrans), 309 Se\u00e7\u00f5es de Tr\u00e2nsito, al\u00e9m dos postos fixos de atendimento do Poupatempo. Possui, ainda, unidades regionais de acompanhamento e controle e uma estrutura de coordena\u00e7\u00e3o e normatiza\u00e7\u00e3o, localizada na capital do estado.<\/p>\n<p>O projeto consiste em uma iniciativa de reestrutura\u00e7\u00e3o administrativa e funcional do \u00f3rg\u00e3o executivo central de tr\u00e2nsito do estado com objetivo de se alcan\u00e7ar uma mudan\u00e7a significativa na sua rela\u00e7\u00e3o com os cidad\u00e3os, com sua estrutura descentralizada, com as empresas prestadoras privadas de servi\u00e7os e com os Munic\u00edpios. Est\u00e1 sendo realizado um amplo trabalho de revis\u00e3o e simplifica\u00e7\u00e3o dos servi\u00e7os do Detran.SP com a prioridade de facilitar a vida do cidad\u00e3o paulista. A implementa\u00e7\u00e3o do projeto tem como foco principal levar ao cidad\u00e3o paulista o mesmo padr\u00e3o de atendimento do Poupatempo.<\/p>\n<p>O trabalho tem como base a revis\u00e3o e desburocratiza\u00e7\u00e3o de processos da organiza\u00e7\u00e3o, o uso de tecnologia para simplificar, padronizar e agilizar a presta\u00e7\u00e3o de servi\u00e7os, a amplia\u00e7\u00e3o da realiza\u00e7\u00e3o desses servi\u00e7os por meio dos Postos Poupatempo, a transpar\u00eancia e igualdade de atendimento aos usu\u00e1rios dos servi\u00e7os do Detran.SP, e a disponibiliza\u00e7\u00e3o de informa\u00e7\u00f5es claras e corretas ao cidad\u00e3o.<\/p>\n<p>Al\u00e9m disso, ser\u00e3o estabelecidas iniciativas de valoriza\u00e7\u00e3o e capacita\u00e7\u00e3o dos servidores, novas unidades de atendimento, novos canais de comunica\u00e7\u00e3o com o cidad\u00e3o e de relacionamento com os parceiros, e investimentos em programas de Educa\u00e7\u00e3o para o Tr\u00e2nsito. Os benefici\u00e1rios desse projeto s\u00e3o os cidad\u00e3os que buscam os servi\u00e7os do Detran.SP, os servidores e parceiros do \u00f3rg\u00e3o, e a sociedade paulista como um todo.<\/p>\n<p>O projeto prev\u00ea os seguintes impactos: propiciar ao cidad\u00e3o o mesmo padr\u00e3o de atendimento dos Postos Poupatempo no Detran.SP; a Libera\u00e7\u00e3o de mais de 1300 Delegados e Policiais at\u00e9 ent\u00e3o dedicados exclusiva ou parcialmente \u00e0s atividades de tr\u00e2nsito; simplifica\u00e7\u00e3o dos servi\u00e7os do Detran.SP; oferecer maior agilidade e conveni\u00eancia ao usu\u00e1rio na presta\u00e7\u00e3o dos servi\u00e7os; diminui\u00e7\u00e3o das infra\u00e7\u00f5es e acidentes no tr\u00e2nsito; formar cidad\u00e3os mais conscientes no tr\u00e2nsito; melhorar a comunica\u00e7\u00e3o com o cidad\u00e3o; ampliar a satisfa\u00e7\u00e3o do usu\u00e1rio em rela\u00e7\u00e3o aos servi\u00e7os do \u00f3rg\u00e3o.<\/p>\n<h2>Detran Ribeir\u00e3o Preto Transfer\u00eancia de Ve\u00edculos<\/h2>\n<p>Para <em>Transfer\u00eancia\u00a0de Veiculos<\/em> acesse o site ou entre em contato via telefone.<\/p>\n<h3>Detran Ribeir\u00e3o Preto Multas<\/h3>\n<p>Para\u00a0ver suas <span style=\"text-decoration: underline;\">multas<\/span> e d\u00e9bitos acesse o site.<\/p>\n<ul>\n<li>Consulte as multas, d\u00e9bitos e confira os dados completos de seu ve\u00edculo<\/li>\n<li>Consulte as notifica\u00e7\u00f5es de autua\u00e7\u00e3o do Detran.SP<\/li>\n<li>Solicite ou acompanhe sua defesa pelo site<\/li>\n<li>2\u00aa via de multas para ve\u00edculos registrados em S\u00e3o Paulo<\/li>\n<li>2\u00aa via de multas para ve\u00edculos registrados em outro estado<\/li>\n<li>Informa\u00e7\u00f5es sobre o pagamento de multas<\/li>\n<li>Microfilmagem de multas\/Detran<\/li>\n<\/ul>\n<h3>Detran Ribeir\u00e3o Preto IPVA<\/h3>\n<p>S\u00e3o diversos os propriet\u00e1rios de ve\u00edculos que ficam com d\u00favidas quando t\u00eam de pagar o IPVA.<br \/>\nApesar de essas d\u00favidas serem mais justific\u00e1veis quando \u00e9 o primeiro autom\u00f3vel ou quando se muda de Estado, qualquer um pode precisar consultar o Departamento Estadual de Tr\u00e2nsito (Detran) para esclarecimentos e aqui ser\u00e3o mostradas as maneiras de consultar o imposto em 2019.<\/p>\n<p><strong>Como funciona o IPVA SP<\/strong><\/p>\n<p>A Secretaria da Fazenda de S\u00e3o Paulo \u00e9 quem emite o imposto e ele \u00e9 para todos os ve\u00edculos, sejam eles 0 Km ou n\u00e3o e para motocicletas tamb\u00e9m.<br \/>\nO munic\u00edpio no qual a pessoa mora fica com 40% desse imposto, al\u00e9m de o Estado ficar com a mesma quantidade e o FUNDEB, que \u00e9 um fundo para educa\u00e7\u00e3o b\u00e1sica do pa\u00eds, ficar com 20%.<br \/>\nOs motoristas de S\u00e3o Paulo precisam confirmar com o DETRAN ou com a Sefaz os seus dados pessoais e tamb\u00e9m do seu autom\u00f3vel, lembrando se tratar da transfer\u00eancia de dono, se ele for vendido, para que n\u00e3o continue respondendo por esse imposto.<\/p>\n<p><strong>Como fazer a consulta do IPVA SP<\/strong><\/p>\n<p>Os cidad\u00e3os que t\u00eam de transferir nome dos ve\u00edculos ou que precisam de acertos relacionados ao IPVA em S\u00e3o Paulo podem colocar \u201cDETRAN\u201d e o seu munic\u00edpio em qualquer buscador e agendar um atendimento.<br \/>\nEles tamb\u00e9m acham o endere\u00e7o da Secretaria da Fazenda de S\u00e3o Paulo usando o site do governo estadual.<br \/>\nNormalmente, a pessoa precisa atualizar cadastro at\u00e9 o final do ano para que, no janeiro seguinte, a cobran\u00e7a j\u00e1 esteja direcionada ao dono correto e com os valores certos.<\/p>\n<p><strong>Pagar IPVA SP atrasado<\/strong><\/p>\n<p>O imposto de 2018, certamente, j\u00e1 foi pago pela maioria dos paulistas: para os que resolvem parcelar o IPVA, o esperado \u00e9 que ele seja quitado at\u00e9 o m\u00eas de junho.<br \/>\nEntretanto, aqueles que ainda t\u00eam qualquer pend\u00eancia a respeito do imposto, como parcelas que n\u00e3o foram pagas, precisam tratar com a Secretaria da Fazenda.<br \/>\nAl\u00e9m de ser poss\u00edvel que a justi\u00e7a apreenda o autom\u00f3vel, esse tipo de atraso pode se transformar em uma d\u00edvida expressiva se for somado ao imposto do ano seguinte.<\/p>\n<p><strong>Como fazer o pagamento do IPVA SP<\/strong><\/p>\n<p>Para a requisi\u00e7\u00e3o do IPVA em caso de ve\u00edculo novo, as pessoas t\u00eam de acessar http:\/\/www.ipva.fazenda.sp.gov.br\/ipvanet\/.<br \/>\nPara os ve\u00edculos usados, usa o sistema acima ou a Internet, o guich\u00ea do DETRAN, o d\u00e9bito agendado, o autoatendimento ou as lot\u00e9ricas.<br \/>\nUma curiosidade com rela\u00e7\u00e3o ao imposto deste ano \u00e9 que ele foi um pouco mais barato: os propriet\u00e1rios pagaram 3,5% a menos.<br \/>\nPor\u00e9m, os valores para o pr\u00f3ximo ano ainda podem n\u00e3o estar determinados: o Departamento Estadual de Tr\u00e2nsito e a Sefaz devem anunciar as porcentagens a partir de novembro.<\/p>\n<p><strong>Licenciamento de ve\u00edculos SP<\/strong><\/p>\n<p>Assim como o IPVA, os propriet\u00e1rios de autom\u00f3vel no pa\u00eds tamb\u00e9m precisam pagar licenciamento\u00a0anual<br \/>\nEssa \u00e9 uma cobran\u00e7a intermediada pelo DETRAN e pela Sefaz, assim como o IPVA, e o fato de ele estar atrasado coloca em risco a posse do ve\u00edculo: se o licenciamento est\u00e1 pendente, \u00e9 normal que o governo entenda que ele n\u00e3o est\u00e1 adequado para seguir rodando e, por isso, que ele seja apreendido.<br \/>\nOs que ainda n\u00e3o quitaram o licenciamento do ano anterior, mas ainda est\u00e3o com o seu ve\u00edculo, t\u00eam de pag\u00e1-lo rapidamente e impedir que o valor do ano corrente seja somado a esse.<\/p>\n<p><strong>Como fazer a consulta de d\u00e9bitos do IPVA SP<\/strong><\/p>\n<p>Normalmente, os propriet\u00e1rios pagam o licenciamento ou o IPVA e n\u00e3o pensam nesses dois impostos at\u00e9 o ano seguinte.<br \/>\nEntretanto, \u00e9 importante que a consulta de d\u00e9bito seja impressa para que o cidad\u00e3o esteja certo de que o seu licenciamento e IPVA foram recebidos.<br \/>\nCostuma-se imprimir essa consulta quando se quer vender o ve\u00edculo: \u00e9 exigido que se tenha um panorama da regularidade ou n\u00e3o deste e o pagamento de impostos faz parte dele.<br \/>\nPor\u00e9m, n\u00e3o \u00e9 necess\u00e1rio que esteja sendo feita uma venda para fazer a consulta do IPVA: \u00e9 s\u00f3 usar o site do DETRAN do munic\u00edpio.<\/p>\n<p><strong>Valor IPVA SP<\/strong><\/p>\n<p>As unidades federativas apresentam um valor diferente para o seu IPVA, al\u00e9m de esse valor ser baseado no pre\u00e7o do ve\u00edculo.<br \/>\n\u00c9 por causa disso que muitos n\u00e3o desejam uma moto ou um carro muito caros: porque o custo do IPVA tamb\u00e9m ser\u00e1 maior.<br \/>\nPara saber quanto pagar\u00e3o nesse imposto no Estado de S\u00e3o Paulo, deve-se acessar a p\u00e1gina do DETRAN SP e inserir todos os dados que forem pedidos: normalmente, \u00e9 a placa e o n\u00famero RENAVAM.<\/p>\n<h3>Hor\u00e1rio de Funcionamento Detran Ribeir\u00e3o Preto<\/h3>\n<ul>\n<li>Segunda a sexta das 8h \u00e1s 17h<\/li>\n<\/ul>\n<h3>Onde Fica, Endere\u00e7o e Telefone Detran Ribeir\u00e3o Preto<\/h3>\n<ul>\n<li>Av. Presidente Kennedy, 1500 (Novo Shopping Center)\u00a0&#8211; Ribeir\u00e3o Preto &#8211; SP<\/li>\n<li>Telefone: (11) 3322-3333<\/li>\n<\/ul>\n<h4>Outras informa\u00e7\u00f5es e site<\/h4>\n<ul>\n<li>Mais informa\u00e7\u00f5es: <a href=\"https:\/\/www.detranbr.org\/detran-sp\/\" target=\"_blank\" rel=\"noopener noreferrer\">https:\/\/www.detranbr.org\/detran-sp\/<\/a><\/li>\n<\/ul>\n<h4>Mapa de localiza\u00e7\u00e3o<\/h4>\n<a class=\"wp-colorbox-iframe\" href=\"https:\/\/www.google.com\/maps\/embed?pb=!1m18!1m12!1m3!1d3719.7914549806806!2d-47.819656785540715!3d-21.20044188453914!2m3!1f0!2f0!3f0!3m2!1i1024!2i768!4f13.1!3m3!1m2!1s0x94b9bec5dca661430x8e62265b3a8b15e9!2sDetran!5e0!3m2!1spt-BR!2sbr!4v1528828511959\"><img decoding=\"async\" src=\"http:\/\/www.encontrabelohorizonte.com.br\/imgs\/maps-post.png\"><\/a>\n\n<div style=\"font-size: 0px; height: 0px; line-height: 0px; margin: 0; padding: 0; clear: both;\"><\/div>","protected":false},"excerpt":{"rendered":"<p>O Departamento Estadual de Tr\u00e2nsito de S\u00e3o Paulo (Detran Ribeir\u00e3o Preto) faz parte do Sistema Nacional de Tr\u00e2nsito (SNT) e \u00e9 respons\u00e1vel no estado pelas atividades de tr\u00e2nsito estabelecidas pelo C\u00f3digo de Tr\u00e2nsito Brasileiro (CTB) e por normatiza\u00e7\u00e3o pr\u00f3pria. S\u00e3o compet\u00eancias do Detran promover educa\u00e7\u00e3o para o tr\u00e2nsito, planejar, coordenar, executar e controlar a\u00e7\u00f5es relacionadas \u00e0 habilita\u00e7\u00e3o de condutores, documenta\u00e7\u00e3o e servi\u00e7os para ve\u00edculos. Al\u00e9m disso, o \u00f3rg\u00e3o produz estat\u00edsticas de tr\u00e2nsito e gerencia a autua\u00e7\u00e3o e a arrecada\u00e7\u00e3o de multas. O objetivo do \u00f3rg\u00e3o \u00e9 realizar todas essas atividades com qualidade, efici\u00eancia e transpar\u00eancia, contribuindo para a defesa da <\/p>\n","protected":false},"author":1,"featured_media":0,"parent":0,"menu_order":0,"comment_status":"closed","ping_status":"closed","template":"","meta":{"footnotes":""},"class_list":["post-3993","page","type-page","status-publish","hentry"],"aioseo_notices":[],"_links":{"self":[{"href":"https:\/\/www.encontraribeiraopreto.com.br\/sobre\/wp-json\/wp\/v2\/pages\/3993"}],"collection":[{"href":"https:\/\/www.encontraribeiraopreto.com.br\/sobre\/wp-json\/wp\/v2\/pages"}],"about":[{"href":"https:\/\/www.encontraribeiraopreto.com.br\/sobre\/wp-json\/wp\/v2\/types\/page"}],"author":[{"embeddable":true,"href":"https:\/\/www.encontraribeiraopreto.com.br\/sobre\/wp-json\/wp\/v2\/users\/1"}],"replies":[{"embeddable":true,"href":"https:\/\/www.encontraribeiraopreto.com.br\/sobre\/wp-json\/wp\/v2\/comments?post=3993"}],"version-history":[{"count":0,"href":"https:\/\/www.encontraribeiraopreto.com.br\/sobre\/wp-json\/wp\/v2\/pages\/3993\/revisions"}],"wp:attachment":[{"href":"https:\/\/www.encontraribeiraopreto.com.br\/sobre\/wp-json\/wp\/v2\/media?parent=3993"}],"curies":[{"name":"wp","href":"https:\/\/api.w.org\/{rel}","templated":true}]}}