{"id":4002,"date":"2018-06-12T16:50:06","date_gmt":"2018-06-12T19:50:06","guid":{"rendered":"https:\/\/www.encontraribeiraopreto.com.br\/sobre\/?page_id=4002"},"modified":"2019-06-27T13:39:14","modified_gmt":"2019-06-27T16:39:14","slug":"poupatempo-ribeirao-preto","status":"publish","type":"page","link":"https:\/\/www.encontraribeiraopreto.com.br\/sobre\/poupatempo-ribeirao-preto\/","title":{"rendered":"Poupatempo Ribeir\u00e3o Preto"},"content":{"rendered":"<div class=\"cd7ef838bed10b2b4567f853226bc383\" data-index=\"1\" style=\"float: none; margin:0px;\">\n<!-- Anuncio display - global -->\r\n<ins class=\"adsbygoogle\"\r\n     style=\"display:block\"\r\n     data-ad-client=\"ca-pub-8585364105181520\"\r\n     data-ad-slot=\"8789329856\"\r\n     data-ad-format=\"auto\"\r\n     data-full-width-responsive=\"true\"><\/ins>\r\n<script>\r\n     (adsbygoogle = window.adsbygoogle || []).push({});\r\n<\/script>\r\n\n<\/div>\n<p>O Poupatempo \u00e9 um projeto do governo do Estado de S\u00e3o Paulo que oferece em um mesmo espa\u00e7o diversos servi\u00e7os de utilidade p\u00fablica, agilizando o atendimento e descomplicando o funcionamento de \u00f3rg\u00e3os do Estado.<\/p>\n<p>Atrav\u00e9s do <strong>Poupatempo Ribeir\u00e3o Preto<\/strong> \u00e9 poss\u00edvel emitir diversos documentos de forma r\u00e1pida.<\/p>\n<p><img loading=\"lazy\" decoding=\"async\" class=\"alignnone wp-image-4004 size-full\" title=\"Poupatempo Ribeir\u00e3o Preto\" src=\"https:\/\/www.encontraribeiraopreto.com.br\/sobre\/wp-content\/uploads\/poupa-tempo-ribeirao-preto.jpg\" alt=\"Poupatempo Ribeir\u00e3o Preto\" width=\"680\" height=\"189\" srcset=\"https:\/\/www.encontraribeiraopreto.com.br\/sobre\/wp-content\/uploads\/poupa-tempo-ribeirao-preto.jpg 680w, https:\/\/www.encontraribeiraopreto.com.br\/sobre\/wp-content\/uploads\/poupa-tempo-ribeirao-preto-300x83.jpg 300w\" sizes=\"(max-width: 680px) 100vw, 680px\" \/><\/p>\n<h2>Poupatempo Ribeir\u00e3o Preto Agendamento<\/h2>\n<p>De modo a organizar os atendimentos e evitar o ac\u00famulo de filas, o Poupatempo desenvolveu o sistema de agenda. Atrav\u00e9s deste procedimento, \u00e9 poss\u00edvel marcar uma data e um hor\u00e1rio que seja mais conveniente a voc\u00ea, assim voc\u00ea sabe exatamente quando poder\u00e1 ser atendido (a).<\/p>\n<p>O agendamento pode ser feito pela internet, pelo telefone ou atrav\u00e9s do aplicativo SP Servi\u00e7os. Veja quais s\u00e3o os servi\u00e7os que precisam ser agendados com anteced\u00eancia:<\/p>\n<ul>\n<li>Cadastro deE mprego<\/li>\n<li>Carteira de Trabalho\u20131\u00aa e 2\u00aavia<\/li>\n<li>CNH\u20131\u00aa Habilita\u00e7\u00e3o,Reabilita\u00e7\u00e3o de permission\u00e1rio,Adi\u00e7\u00e3o\/Mudan\u00e7a de Categoria<\/li>\n<li>CNH\u20132\u00aaVia,Troca da permiss\u00e3o para dirigir pela CNH definitiva<\/li>\n<li>CNH\u00a0 Agendamento Poupatempo\u2013Processo de Suspens\u00e3o e de Cassa\u00e7\u00e3o<\/li>\n<li>CNH\u2013Renova\u00e7\u00e3o com exame m\u00e9dico fora do Poupatempo<\/li>\n<li>CNH\u2013Renova\u00e7\u00e3o com exame m\u00e9dico no Poupatempo<\/li>\n<li>Entrada no seguro-desemprego<\/li>\n<li>RG Agendamento Poupatempo\u2013Carteira de Identidade (1\u00aa e 2\u00aavia)<\/li>\n<li>Servi\u00e7os relacionados a ve\u00edculos<\/li>\n<li>Lembre-se:todos os servi\u00e7os acima precisam ser agendados.Voc\u00ea n\u00e3o poder\u00e1 ser atendido caso n\u00e3o tenha reservado uma data.<\/li>\n<\/ul>\n<h3>Poupatempo Ribeir\u00e3o Preto Cnh<\/h3>\n<p>Se voc\u00ea est\u00e1 com a <span style=\"text-decoration: underline;\">Carteira Nacional de Habilita\u00e7\u00e3o (CNH)<\/span> prestes a vencer ou j\u00e1 vencida, saiba que o processo de renova\u00e7\u00e3o pode ser iniciado pela internet, por meio do site do Departamento Estadual de Tr\u00e2nsito de S\u00e3o Paulo (Detran-SP). Para realizar o pedido, o motorista deve ter habilita\u00e7\u00e3o com foto e que n\u00e3o pode estar em situa\u00e7\u00e3o irregular, ou seja, nem suspensa e nem cassada.<\/p>\n<p>O primeiro passo \u00e9 marcar um agendamento pela internet (clique aqui !). O condutor ent\u00e3o deve preencher um formul\u00e1rio e escolher uma unidade de atendimento do Detran-SP \u2013 Aricanduva, Arm\u00eania, Interlagos ou os postos Metr\u00f4 Marechal Deodoro e Raposo Shopping. Se preferir, pode optar por um posto do Poupatempo (acesse o site para agendar). Depois disso, a pessoa deve ir ao \u00f3rg\u00e3o com os documentos solicitados \u2013 protocolo de agendamento, <span style=\"text-decoration: underline;\">CNH<\/span> (original e c\u00f3pia simples) e comprovante de endere\u00e7o em nome do motorista, emitido h\u00e1 no m\u00e1ximo tr\u00eas meses.<\/p>\n<p>Ap\u00f3s a confirma\u00e7\u00e3o dos dados, o motorista dever\u00e1 passar por um exame m\u00e9dico (aptid\u00e3o f\u00edsica e mental). Se voc\u00ea mora na capital paulista, pode clicar aqui para ver quais s\u00e3o as cl\u00ednicas credenciadas pelo Detran-SP. Se for de outra cidade de S\u00e3o Paulo, a unidade local do \u00f3rg\u00e3o ir\u00e1 te indicar um profissional especializado. Vale lembrar que deve ser pago ao m\u00e9dico R$ 77,72 pelo exame.<\/p>\n<p>Sendo aprovada a avalia\u00e7\u00e3o, o condutor precisar\u00e1 pagar em um dos bancos conveniados (Banco do Brasil, Bradesco ou Santander) a taxa de emiss\u00e3o da renova\u00e7\u00e3o da <span style=\"text-decoration: underline;\">CNH<\/span>, que tem um custo de R$ 38,86. O pr\u00f3ximo passo ent\u00e3o \u00e9 voltar \u00e0 unidade de atendimento onde o processo foi iniciado e apresentar os documentos solicitados. Por fim, o motorista poder\u00e1, se preferir, retirar a carteira no local no prazo determinado ou receber em casa em at\u00e9 sete dias \u00fateis \u2013 ser\u00e1 cobrado um valor adicional de R$ 11 pela entrega.<\/p>\n<p>H\u00e1 outros tipos de taxas que, se necess\u00e1rias, precisam ser pagas. Caso o m\u00e9dico pe\u00e7a uma avalia\u00e7\u00e3o psicol\u00f3gica, \u00e0s vezes por o motorista trabalhar com ve\u00edculos (como os taxistas, por exemplo), ser\u00e1 cobrado pelo psic\u00f3logo o valor de R$ 90,67.<\/p>\n<p>Depois da renova\u00e7\u00e3o, a <span style=\"text-decoration: underline;\">CNH<\/span> pode ter validade de at\u00e9 5 anos, definida pelo exame m\u00e9dico. Para motoristas acima de 65 anos, o per\u00edodo m\u00e1ximo \u00e9 de 3 anos.<\/p>\n<h3>Poupatempo Ribeir\u00e3o Preto Trabalhe Conosco<\/h3>\n<p>Para aqueles que almejam trabalhar em uma empresa que preza por realizar servi\u00e7os da mais alta qualidade, e que zela por seus colaboradores e profissionalismo sempre, estes profissionais devem trabalhar na XXX, acesse o site para enviar seu curr\u00edculo.<\/p>\n<h3>Hor\u00e1rio de Funcionamento Poupatempo Ribeir\u00e3o Preto<\/h3>\n<ul>\n<li>Segunda a sexta das 9h \u00e1s 19h \/ S\u00e1bado das 9h \u00e1s 15h<\/li>\n<\/ul>\n<h3>Onde Fica, Endere\u00e7o e Telefone Poupatempo Ribeir\u00e3o Preto<\/h3>\n<ul>\n<li>Av. Pres. Kennedy, 1500 &#8211; Nova Ribeir\u00e2nia &#8211; Ribeir\u00e3o Preto &#8211; SP<\/li>\n<li>Telefone: 0800 772 3633<\/li>\n<\/ul>\n<h4>Outras informa\u00e7\u00f5es e site<\/h4>\n<ul>\n<li>Mais informa\u00e7\u00f5es: <a href=\"http:\/\/www.unidade.org\/postos\/agendamento-poupatempo-ribeirao-preto\/\" target=\"_blank\" rel=\"noopener noreferrer\">www.unidade.org\/postos\/agendamento-poupatempo-ribeirao-preto\/<\/a><\/li>\n<\/ul>\n<h4>Mapa de localiza\u00e7\u00e3o<\/h4>\n<a class=\"wp-colorbox-iframe\" href=\"https:\/\/www.google.com\/maps\/embed?pb=!1m14!1m8!1m3!1d14878.409050146445!2d-47.7667844!3d-21.2079535!3m2!1i1024!2i768!4f13.1!3m3!1m2!1s0x00x7013fe8283507648!2sPoupatempo+Ribeiro+Preto!5e0!3m2!1spt-BR!2sbr!4v1528827127006\"><img decoding=\"async\" src=\"http:\/\/www.encontrabelohorizonte.com.br\/imgs\/maps-post.png\"><\/a>\n\n<div style=\"font-size: 0px; height: 0px; line-height: 0px; margin: 0; padding: 0; clear: both;\"><\/div>","protected":false},"excerpt":{"rendered":"<p>O Poupatempo \u00e9 um projeto do governo do Estado de S\u00e3o Paulo que oferece em um mesmo espa\u00e7o diversos servi\u00e7os de utilidade p\u00fablica, agilizando o atendimento e descomplicando o funcionamento de \u00f3rg\u00e3os do Estado. Atrav\u00e9s do Poupatempo Ribeir\u00e3o Preto \u00e9 poss\u00edvel emitir diversos documentos de forma r\u00e1pida. Poupatempo Ribeir\u00e3o Preto Agendamento De modo a organizar os atendimentos e evitar o ac\u00famulo de filas, o Poupatempo desenvolveu o sistema de agenda. Atrav\u00e9s deste procedimento, \u00e9 poss\u00edvel marcar uma data e um hor\u00e1rio que seja mais conveniente a voc\u00ea, assim voc\u00ea sabe exatamente quando poder\u00e1 ser atendido (a). O agendamento pode ser <\/p>\n","protected":false},"author":1,"featured_media":0,"parent":0,"menu_order":0,"comment_status":"closed","ping_status":"closed","template":"","meta":{"footnotes":""},"class_list":["post-4002","page","type-page","status-publish","hentry"],"aioseo_notices":[],"_links":{"self":[{"href":"https:\/\/www.encontraribeiraopreto.com.br\/sobre\/wp-json\/wp\/v2\/pages\/4002"}],"collection":[{"href":"https:\/\/www.encontraribeiraopreto.com.br\/sobre\/wp-json\/wp\/v2\/pages"}],"about":[{"href":"https:\/\/www.encontraribeiraopreto.com.br\/sobre\/wp-json\/wp\/v2\/types\/page"}],"author":[{"embeddable":true,"href":"https:\/\/www.encontraribeiraopreto.com.br\/sobre\/wp-json\/wp\/v2\/users\/1"}],"replies":[{"embeddable":true,"href":"https:\/\/www.encontraribeiraopreto.com.br\/sobre\/wp-json\/wp\/v2\/comments?post=4002"}],"version-history":[{"count":0,"href":"https:\/\/www.encontraribeiraopreto.com.br\/sobre\/wp-json\/wp\/v2\/pages\/4002\/revisions"}],"wp:attachment":[{"href":"https:\/\/www.encontraribeiraopreto.com.br\/sobre\/wp-json\/wp\/v2\/media?parent=4002"}],"curies":[{"name":"wp","href":"https:\/\/api.w.org\/{rel}","templated":true}]}}