{"id":4006,"date":"2018-06-12T16:54:42","date_gmt":"2018-06-12T19:54:42","guid":{"rendered":"https:\/\/www.encontraribeiraopreto.com.br\/sobre\/?page_id=4006"},"modified":"2022-09-09T14:21:37","modified_gmt":"2022-09-09T17:21:37","slug":"prefeitura-de-ribeirao-preto","status":"publish","type":"page","link":"https:\/\/www.encontraribeiraopreto.com.br\/sobre\/prefeitura-de-ribeirao-preto\/","title":{"rendered":"Prefeitura de Ribeir\u00e3o Preto"},"content":{"rendered":"<div class=\"cd7ef838bed10b2b4567f853226bc383\" data-index=\"1\" style=\"float: none; margin:0px;\">\n<!-- Anuncio display - global -->\r\n<ins class=\"adsbygoogle\"\r\n     style=\"display:block\"\r\n     data-ad-client=\"ca-pub-8585364105181520\"\r\n     data-ad-slot=\"8789329856\"\r\n     data-ad-format=\"auto\"\r\n     data-full-width-responsive=\"true\"><\/ins>\r\n<script>\r\n     (adsbygoogle = window.adsbygoogle || []).push({});\r\n<\/script>\r\n\n<\/div>\n<p>A<strong> Prefeitura de Ribeir\u00e3o Preto<\/strong> tem como miss\u00e3o elaborar, promover e acompanhar a pol\u00edtica de administra\u00e7\u00e3o de gest\u00e3o de pessoas da Prefeitura de Ribeir\u00e3o Preto.<\/p>\n<p>Atende com efici\u00eancia, efic\u00e1cia e transpar\u00eancia, todos os servidores e cidad\u00e3os, melhorando a qualidade do servi\u00e7o p\u00fablico municipal em conson\u00e2ncia com a pol\u00edtica de gest\u00e3o de pessoas e em conformidade com os objetivos estrat\u00e9gicos da gest\u00e3o de governo.<\/p>\n<p>O edif\u00edcio-sede da\u00a0<a href=\"https:\/\/www.prefeituraderibeiraopreto.org\/\">Prefeitura Municipal de Ribeir\u00e3o Preto \u2013 SP<\/a>, est\u00e1 localizado na Pra\u00e7a Bar\u00e3o do Rio Branco o pr\u00e9dio \u00e9 conhecido como Pal\u00e1cio do Rio Branco. O Pal\u00e1cio Rio Branco, na \u00e9poca chamado Pa\u00e7o Municipal, foi encomendado pelo ent\u00e3o prefeito Joaquim Macedo Bitencourt ao engenheiro Ant\u00f4nio Soares Romeu que elaborou seu projeto com base nas regras estil\u00edsticas da belle-\u00e9poque.<\/p>\n<p>Inaugurado em 26 de maio de 1917, o Pal\u00e1cio Rio Branco passou por uma reforma em 1992. Todo o madeiramento foi trocado, encanamentos e rede el\u00e9trica modernizados e o estilo preservado. O Pal\u00e1cio Rio Branco sedia o Gabinete do Prefeito, Secretaria de Governo, Secretaria da Casa Civil, Coordenadoria de Comunica\u00e7\u00e3o Social, Astel (Assessoria T\u00e9cnica Legislativa), Se\u00e7\u00e3o de Leis e Decretos.<\/p>\n<p>No Pal\u00e1cio Ant\u00f4nio Farias, est\u00e3o instalados o Gabinete do prefeito e do vice-prefeito, al\u00e9m de secretarias e \u00f3rg\u00e3os. No local, o contribuinte tamb\u00e9m encontra diversos servi\u00e7os como Nota Fiscal Eletr\u00f4nica (Prefeitura de Ribeir\u00e3o Preto); Declara\u00e7\u00e3o de Servi\u00e7o; Emiss\u00e3o da 2\u00aa via do IPTU da Prefeitura Ribeir\u00e3o Preto; Consulta de Processos; entre outros. O hor\u00e1rio de atendimento \u00e9\u00a0 das 8h \u00e0s\u00a0 17h, de segunda a sexta-feira.<\/p>\n<h2>Prefeitura de Ribeir\u00e3o Preto Iptu<\/h2>\n<p>Confira explica\u00e7\u00e3o sobre as principais d\u00favidas e consultas em rela\u00e7\u00e3o ao \u00a0<a href=\"https:\/\/www.prefeituraderibeiraopreto.org\/iptu-ribeirao-preto\/\">IPTU na Prefeitura Municipal de Ribeir\u00e3o Preto<\/a>.<\/p>\n<p><strong>Quem deve pagar o IPTU da Prefeitura de Ribeir\u00e3o Preto?<\/strong><\/p>\n<p>A lei considera como contribuinte do IPTU (\u00a0<em>Imposto Predial e Territorial Urbano<\/em>) o propriet\u00e1rio do im\u00f3vel. Em alguns casos, o possuidor, mesmo n\u00e3o sendo o propriet\u00e1rio, \u00e9 o contribuinte do imposto.<\/p>\n<h3><strong>H\u00e1 desconto para o pagamento do IPTU \u00e0 vista?<\/strong><\/h3>\n<p>Sim. O contribuinte que quitar seus tributos at\u00e9 10\/11 do ano anterior tem direito a 10% de desconto na cota \u00fanica no exerc\u00edcio do ano seguinte. Para os pagamentos \u00e0 vista dos d\u00e9bitos vencidos a Prefeitura disponibiliza desconto sobre os juros e as multas.<\/p>\n<p><strong>IPTU Prefeitura de Ribeir\u00e3o Preto parcelado<\/strong><\/p>\n<p>Quando o contribuinte recebe o carn\u00ea do\u00a0<strong>IPTU Ribeir\u00e3o Preto<\/strong>\u00a0no in\u00edcio do ano, ele tem a op\u00e7\u00e3o de pagar o imposto em 10 cotas mensais fixas. Neste caso, o desconto para im\u00f3veis sem d\u00e9bitos cai de 10% para 5% e os im\u00f3veis com d\u00e9bitos perdem o desconto de 5% a que teriam direito para pagamento \u00e0 vista.<\/p>\n<h3>IPTU Prefeitura de Ribeir\u00e3o Preto Atrasado<\/h3>\n<p>Os valores de impostos atrasados, de exerc\u00edcios anteriores, podem ser parcelados pela internet. Por\u00e9m quanto mais parcelas, o \u00f4nus \u00e9 maior para o contribuinte. Sobre o valor do imposto atrasado, corrigido monetariamente, incidem multa de 20% e juros de 1% ao m\u00eas.<\/p>\n<h3><strong>2\u00ba Via IPTU \u2013 Como emitir segunda via do IPTU Prefeitura de Ribeir\u00e3o Preto?<\/strong><\/h3>\n<p>Para emiss\u00e3o do IPTU da Prefeitura de Ribeir\u00e3o Preto, utilize o link:\u00a0<a href=\"http:\/\/www.ribeiraopreto.sp.gov.br\/JW30\/informacaoDebitoImovel.xhtml\" target=\"_blank\" rel=\"nofollow noopener noreferrer\">www.ribeiraopreto.sp.gov.br\/IPTU<\/a><\/p>\n<p>*Este site n\u00e3o coleta dados, voc\u00ea ser\u00e1 redirecionado ao sistema oficial da Prefeitura de Ribeir\u00e3o Preto.<\/p>\n<h3><strong>Onde posso pagar meu IPTU?<\/strong><\/h3>\n<p>Em qualquer ag\u00eancia dos bancos autorizados, desde que localizada na Regi\u00e3o Metropolitana de Ribeir\u00e3o Preto, ou fora, a crit\u00e9rio da rede banc\u00e1ria.<\/p>\n<p>\u2013 Banco do Brasil<br \/>\n\u2013 Bradesco<br \/>\n\u2013 Banco Ita\u00fa<br \/>\n\u2013 Banco Santander<br \/>\n\u2013 Caixa Econ\u00f4mica Federal<br \/>\n\u2013 Lot\u00e9ricas (No limite fixado pela CEF)<br \/>\n\u2013 Citibank<br \/>\n\u2013 UNICRED<br \/>\n\u2013 Multibank<br \/>\n\u2013 Rede Banorte Matriz<\/p>\n<p>Para pagamento via internet ou d\u00e9bito em conta corrente, CONSULTE SEU BANCO!<\/p>\n<h3><strong>Se n\u00e3o pagar o IPTU no prazo, quais as penalidades?<\/strong><\/h3>\n<p>Haver\u00e1 cobran\u00e7a de multa de 5% por m\u00eas de atraso, at\u00e9 o limite de 20%, e juros de 1% ao m\u00eas. Sugere-se antecipar as datas de vencimento, evitando imprevistos. Sempre consulte o seu extrato de d\u00e9bitos.<\/p>\n<h3><strong>Como mudar o nome do propriet\u00e1rio do IPTU?<\/strong><\/h3>\n<p>Existem dois processos para a mudan\u00e7a de titularidade, Averba\u00e7\u00e3o com RGI (caso a transfer\u00eancia de titularidade j\u00e1 tenha sido registrada no cart\u00f3rio de im\u00f3veis) ou Averba\u00e7\u00e3o sem RGI (para as situa\u00e7\u00f5es ainda n\u00e3o registradas no cart\u00f3rio de im\u00f3veis). Para mais informa\u00e7\u00f5es acessar a se\u00e7\u00e3o \u201cAbertura e Acompanhamento de Processos\u201d, no portal da Secretaria de Finan\u00e7as. Destaca-se que apenas o primeiro garante a propriedade do im\u00f3vel.<\/p>\n<h3><strong>Posso perder meu im\u00f3vel, caso n\u00e3o pague o IPTU?<\/strong><\/h3>\n<p>Sim, os d\u00e9bitos atrasados do IPTU na Prefeitura de Ribeir\u00e3o Preto autorizam a prefeitura a requerer em ju\u00edzo a penhora e venda do im\u00f3vel em leil\u00e3o, para receber o valor do imposto<\/p>\n<h3><strong>Como se calcula o IPTU?<\/strong><\/h3>\n<p>O IPTU \u00e9 calculado pela aplica\u00e7\u00e3o de uma al\u00edquota percentual sobre o valor de mercado do im\u00f3vel. Exemplo: uma casa que vale 200 mil reais tem al\u00edquota de 1% para o IPTU. Ent\u00e3o a base de c\u00e1lculo do imposto s\u00e3o os 200 mil. Pra saber o valor do imposto devido, calcula-se o valor de 1% de 200 mil, que resulta em R$ 2.000,00. Portanto, esta casa deve pagar R$ 2.000,00 reais por ano de IPTU.<\/p>\n<h3>IPTU Ribeir\u00e3o Preto PPI<\/h3>\n<p>O PPI \u00e9 um programa para pagamentos de tributos da Prefeitura de Ribeir\u00e3o Preto. Aproveite esta oportunidade e obtenha desconto de at\u00e9 90% nas multas e juros e fique adimplente com o munic\u00edpio. Assim, voc\u00ea poder\u00e1 estar apto aos demais benef\u00edcios contidos na legisla\u00e7\u00e3o. Emita o seu extrato de d\u00e9bitos e veja o(s) valor(es) para emitir a(s) guia(s) para pagamento \u00e0 vista com o desconto de 90% nos juros e nas multas. \u00c9 poss\u00edvel tamb\u00e9m parcelar o d\u00e9bito com os seguintes descontos nas multas e nos juros:<\/p>\n<p>2 a 12 PARCELAS, desconto de 70%<br \/>\n13 a 24 PARCELAS, desconto de 50%<br \/>\n25 a 36 PARCELAS, desconto de 30%<\/p>\n<h3>Isen\u00e7\u00e3o IPTU Ribeir\u00e3o Preto<\/h3>\n<p>\u00c9 concedida isen\u00e7\u00e3o parcial de 50% ( cinq\u00fcenta por cento ) do valor do Imposto Sobre a Propriedade Predial e Territorial Urbana \u2013 IPTU \u2013 ao aposentado ou pensionista do regime da Previd\u00eancia Social institu\u00eddo pela Lei Federal n\u00b0 6.439, de 1\u00b0 de setembro de 1977 que preencha, cumulativamente, os seguintes requisitos:<\/p>\n<p>I \u2013 possua um \u00fanico im\u00f3vel residencial e que outro n\u00e3o possua o c\u00f4njuge, o filho menor ou maior inv\u00e1lido;<br \/>\nII \u2013 n\u00e3o tenha qualquer v\u00ednculo empregat\u00edcio.<br \/>\nIlI \u2013 Im\u00f3veis de valor venal n\u00e3o superior a vinte mil UFIRs ( cerca de R$ 40 mil ).<\/p>\n<h3>IPTU Ribeir\u00e3o Preto Certid\u00e3o<\/h3>\n<p>A\u00a0<a href=\"https:\/\/www.prefeituraderibeiraopreto.org\/cnd-prefeitura-de-ribeirao-preto\/\">Certid\u00e3o Negativa de D\u00e9bitos ( CND ) Ribeir\u00e3o Preto<\/a>\u00a0\u00e9 um documento emitido por qualquer \u00f3rg\u00e3o do governo. Ele confirma n\u00e3o haver pend\u00eancias financeiras ou processuais em nome dessa pessoa f\u00edsica, jur\u00eddica ou mesmo de um bem. \u00c9 como um atestado de regularidade. \u00c9 poss\u00edvel emitir a CND de Ribeir\u00e3o Preto no site da Prefeitura.<\/p>\n<h3>Prefeitura de Ribeir\u00e3o Preto Concurso<\/h3>\n<p>Para informa\u00e7\u00f5es sobre concursos em aberto, vagas dispon\u00edveis, remunera\u00e7\u00f5es e datas de prova acesse o site.<\/p>\n<h3>Prefeitura de Ribeir\u00e3o Preto Nfe<\/h3>\n<p><strong>A Prefeitura de Ribeir\u00e3o Preto exige a emiss\u00e3o da Nota Fiscal de Servi\u00e7o Eletr\u00f4nica (NFS-e)?<\/strong><\/p>\n<p>A grande maioria das atividades \u00e9 obrigada a emitir a NFS-e. A lista das atividades est\u00e1 dispon\u00edvel no portal da Secretaria de Finan\u00e7as, na op\u00e7\u00e3o Nota Fiscal de\u00a0<em>Servi\u00e7o Eletr\u00f4nica (NFS-e) da Prefeitura de Ribeir\u00e3o Preto<\/em>.<\/p>\n<p><strong>Com a migra\u00e7\u00e3o para a NFS-e, o que a empresa deve fazer com os tal\u00f5es de notas fiscais de servi\u00e7os remanescentes?<\/strong><\/p>\n<p>Ap\u00f3s receber autoriza\u00e7\u00e3o para emiss\u00e3o de NFS-e, fica a crit\u00e9rio do contribuinte utilizar estes talon\u00e1rios com aposi\u00e7\u00e3o de carimbo de Recibo Provis\u00f3rio de Servi\u00e7os (RPS) e convert\u00ea-los em NFS-e no prazo de 10 (dez) dias corridos, ou cancelar, com ci\u00eancia e autoriza\u00e7\u00e3o da Unidade de Tributos Mercantis \u2013 UTM, localizada no Edif\u00edcio-Sede da Prefeitura de Ribeir\u00e3o Preto, de segunda \u00e0 sexta-feira.<\/p>\n<p><strong>Quem \u00e9 emitente de NFS-e est\u00e1 obrigado a fazer e enviar a Declara\u00e7\u00e3o de Servi\u00e7o (DS)?<\/strong><\/p>\n<p>A Declara\u00e7\u00e3o de Servi\u00e7o (DS) dever\u00e1 ser feita e enviada, sem incluir as NFS-e emitidas e ou recebidas de Ribeir\u00e3o Preto.<\/p>\n<p><strong>Qual a penalidade de n\u00e3o fazer e enviar a Declara\u00e7\u00e3o de Servi\u00e7o (DS)?<\/strong><\/p>\n<p>As multas variam de R$ 219,86 at\u00e9 R$ 12.092,30 pela falta de entrega da declara\u00e7\u00e3o de servi\u00e7os, e de R$ 219,86 at\u00e9 R$ 6.595,80 pela entrega com preenchimento incorreto ou entrega com omiss\u00f5es da declara\u00e7\u00e3o de servi\u00e7os. Em ambos os casos, a multa ser\u00e1 aplicada por trimestre de ocorr\u00eancia da infra\u00e7\u00e3o.<\/p>\n<p><strong>Como deve o prestador de servi\u00e7o jur\u00eddica solicitar a emiss\u00e3o de nota fiscal de servi\u00e7o?<\/strong><\/p>\n<p>As pessoas jur\u00eddicas que est\u00e3o obrigadas a emitir Nota Fiscal de Servi\u00e7os Eletr\u00f4nica (NFS-e) poder\u00e3o solicit\u00e1-la por meio do portal da Secretaria de Finan\u00e7as, na op\u00e7\u00e3o Nota Fiscal de Servi\u00e7o Eletr\u00f4nico (NFS-e). As pessoas jur\u00eddicas proibidas de emitir NFSe (MEI e Cooperativas criadas conforme a Lei Federal 5.764\/71) dever\u00e3o solicitar a confec\u00e7\u00e3o de notas fiscais de servi\u00e7o em talon\u00e1rios, junto a uma gr\u00e1fica credenciada. Esta, por sua vez, preencher\u00e1 um requerimento que ser\u00e1 entregue \u00e0 Unidade de Tributos Mercantis para an\u00e1lise e autoriza\u00e7\u00e3o, de acordo com o Decreto 15.950\/92, do art 17 ao 28, e a Portaria 08 de Jan\/2012.<\/p>\n<p><strong>Quais os procedimentos que devem ser feitos para emitir a Nota Fiscal de Servi\u00e7o Eletr\u00f4nica (NFS-e) dentro do Simples Nacional?<\/strong><\/p>\n<p>Deve-se acessar o portal da Secretaria de Finan\u00e7as, na op\u00e7\u00e3o\u00a0<u>Nota Fiscal de Servi\u00e7o Eletr\u00f4nico<\/u>\u00a0(NFS-e) e fazer a configura\u00e7\u00e3o do perfil, assinalando a condi\u00e7\u00e3o de optante do SN. Maiores informa\u00e7\u00f5es, no portal da NFSe, Manuais de Ajuda.<\/p>\n<p>Outras respostas a perguntas frequentes sobre o SIMPLES NACIONAL podem ser obtidas no site da Receita Federal do Brasil, por meio do link:\u00a0<a href=\"http:\/\/www8.receita.fazenda.gov.br\/SimplesNacional\/Perguntas\/Perguntas.aspx\" target=\"_blank\" rel=\"noopener noreferrer\">www.receita.fazenda.gov.br\/SimplesNacional\/<\/a><\/p>\n<p><strong>O profissional aut\u00f4nomo emite nota fiscal de servi\u00e7os?<\/strong><\/p>\n<p>A partir de 1\u00ba de julho de 2015, de acordo com o Decreto 28.899\/15 os profissionais aut\u00f4nomos foram postos em dois grandes grupos, sendo um obrigado a emitir NFSe e o outro isento de ISS e n\u00e3o autorizado a emitir qualquer tipo de nota fiscal, seja eletr\u00f4nica ou convencional. O grupo obrigado a emitir NFSe \u00e9 composto por vendedores comissionados, professores, empres\u00e1rios art\u00edsticos, promotores de eventos, corretores, representantes comerciais e profissionais cujo exerc\u00edcio da atividade tenha como pr\u00e9-requisito a educa\u00e7\u00e3o superior, ou educa\u00e7\u00e3o a esta equiparada, tais como m\u00e9dicos, contadores, advogados, engenheiros, entre outros. Os demais profissionais aut\u00f4nomos, n\u00e3o citados no par\u00e1grafo anterior, comp\u00f5em o grupo dos isentos n\u00e3o autorizados a emitir notas fiscais de servi\u00e7os.<\/p>\n<p><strong>O que deve fazer o profissional aut\u00f4nomo n\u00e3o autorizado a emitir NFS-e?<\/strong><\/p>\n<p>Para que o Profissional Aut\u00f4nomo ISENTO n\u00e3o tenha o ISS retido na fonte, dever\u00e1 apresentar ao tomador de servi\u00e7os uma CERTID\u00c3O NARRATIVA, informando que o mesmo \u00e9 ISENTO do tributo.<\/p>\n<p>Esta certid\u00e3o ser\u00e1 emitida por meio do Portal da Secretaria de Finan\u00e7as, bastando para isso, entrar na op\u00e7\u00e3o Pessoa F\u00edsica \/ Aut\u00f4nomo, CERTID\u00c3O NARRATIVA, e informar a inscri\u00e7\u00e3o mercantil do prestador de servi\u00e7os.<\/p>\n<h3>Hor\u00e1rio de Funcionamento Prefeitura De Ribeir\u00e3o Preto<\/h3>\n<ul>\n<li>Segunda a sexta das 8h \u00e1s 17h<\/li>\n<\/ul>\n<h3>Onde Fica, Endere\u00e7o e Telefone Prefeitura De Ribeir\u00e3o Preto<\/h3>\n<ul>\n<li>Pra\u00e7a Bar\u00e3o do Rio Branco, s\/n &#8211; Centro &#8211; Ribeir\u00e3o Preto &#8211; SP<\/li>\n<li>Telefone: (16) 3977-9000<\/li>\n<\/ul>\n<h4>Outras informa\u00e7\u00f5es e site<\/h4>\n<ul>\n<li>Mais informa\u00e7\u00f5es: <a href=\"https:\/\/www.prefeituraderibeiraopreto.org\/\" target=\"_blank\" rel=\"noopener noreferrer\">www.prefeituraderibeiraopreto.org\/<\/a><\/li>\n<\/ul>\n<h4>Mapa de localiza\u00e7\u00e3o<\/h4>\n<a class=\"wp-colorbox-iframe\" href=\"https:\/\/www.google.com\/maps\/embed?pb=!1m18!1m12!1m3!1d7440.85073391419!2d-47.80620817705413!3d-21.175254789225384!2m3!1f0!2f0!3f0!3m2!1i1024!2i768!4f13.1!3m3!1m2!1s0x94b9befcf4411eb70x902689d2d1d4a6aa!2sPrefeitura+Municipal+de+Ribeiro+Preto!5e0!3m2!1spt-BR!2sbr!4v1528824434109\"><img decoding=\"async\" src=\"http:\/\/www.encontrabelohorizonte.com.br\/imgs\/maps-post.png\"><\/a>\n\n<div style=\"font-size: 0px; height: 0px; line-height: 0px; margin: 0; padding: 0; clear: both;\"><\/div>","protected":false},"excerpt":{"rendered":"<p>A Prefeitura de Ribeir\u00e3o Preto tem como miss\u00e3o elaborar, promover e acompanhar a pol\u00edtica de administra\u00e7\u00e3o de gest\u00e3o de pessoas da Prefeitura de Ribeir\u00e3o Preto. Atende com efici\u00eancia, efic\u00e1cia e transpar\u00eancia, todos os servidores e cidad\u00e3os, melhorando a qualidade do servi\u00e7o p\u00fablico municipal em conson\u00e2ncia com a pol\u00edtica de gest\u00e3o de pessoas e em conformidade com os objetivos estrat\u00e9gicos da gest\u00e3o de governo. O edif\u00edcio-sede da\u00a0Prefeitura Municipal de Ribeir\u00e3o Preto \u2013 SP, est\u00e1 localizado na Pra\u00e7a Bar\u00e3o do Rio Branco o pr\u00e9dio \u00e9 conhecido como Pal\u00e1cio do Rio Branco. O Pal\u00e1cio Rio Branco, na \u00e9poca chamado Pa\u00e7o Municipal, foi encomendado <\/p>\n","protected":false},"author":1,"featured_media":0,"parent":0,"menu_order":0,"comment_status":"closed","ping_status":"closed","template":"","meta":{"footnotes":""},"class_list":["post-4006","page","type-page","status-publish","hentry"],"aioseo_notices":[],"_links":{"self":[{"href":"https:\/\/www.encontraribeiraopreto.com.br\/sobre\/wp-json\/wp\/v2\/pages\/4006"}],"collection":[{"href":"https:\/\/www.encontraribeiraopreto.com.br\/sobre\/wp-json\/wp\/v2\/pages"}],"about":[{"href":"https:\/\/www.encontraribeiraopreto.com.br\/sobre\/wp-json\/wp\/v2\/types\/page"}],"author":[{"embeddable":true,"href":"https:\/\/www.encontraribeiraopreto.com.br\/sobre\/wp-json\/wp\/v2\/users\/1"}],"replies":[{"embeddable":true,"href":"https:\/\/www.encontraribeiraopreto.com.br\/sobre\/wp-json\/wp\/v2\/comments?post=4006"}],"version-history":[{"count":0,"href":"https:\/\/www.encontraribeiraopreto.com.br\/sobre\/wp-json\/wp\/v2\/pages\/4006\/revisions"}],"wp:attachment":[{"href":"https:\/\/www.encontraribeiraopreto.com.br\/sobre\/wp-json\/wp\/v2\/media?parent=4006"}],"curies":[{"name":"wp","href":"https:\/\/api.w.org\/{rel}","templated":true}]}}