{"id":4189,"date":"2018-07-17T17:44:33","date_gmt":"2018-07-17T20:44:33","guid":{"rendered":"https:\/\/www.encontraribeiraopreto.com.br\/sobre\/?page_id=4189"},"modified":"2019-06-28T15:43:37","modified_gmt":"2019-06-28T18:43:37","slug":"cartorio-protesto-ribeirao-preto","status":"publish","type":"page","link":"https:\/\/www.encontraribeiraopreto.com.br\/sobre\/cartorio-protesto-ribeirao-preto\/","title":{"rendered":"Cart\u00f3rio Protesto Ribeir\u00e3o Preto"},"content":{"rendered":"<div class=\"cd7ef838bed10b2b4567f853226bc383\" data-index=\"1\" style=\"float: none; margin:0px;\">\n<!-- Anuncio display - global -->\r\n<ins class=\"adsbygoogle\"\r\n     style=\"display:block\"\r\n     data-ad-client=\"ca-pub-8585364105181520\"\r\n     data-ad-slot=\"8789329856\"\r\n     data-ad-format=\"auto\"\r\n     data-full-width-responsive=\"true\"><\/ins>\r\n<script>\r\n     (adsbygoogle = window.adsbygoogle || []).push({});\r\n<\/script>\r\n\n<\/div>\n<p>O 2\u00ba Tabeli\u00e3o de Notas de Ribeir\u00e3o Preto mant\u00e9m a tradi\u00e7\u00e3o na presta\u00e7\u00e3o de servi\u00e7os p\u00fablicos desde 1889, colocando os clientes sempre em primeiro lugar.<\/p>\n<p>Em nova localiza\u00e7\u00e3o e moderna estrutura, o 2\u00ba Tabeli\u00e3o de Notas de Ribeir\u00e3o Preto apresenta sua nova filosofia de trabalho que integra toda a equipe e dinamiza todos os servi\u00e7os oferecidos aos clientes com mais agilidade e precis\u00e3o.<\/p>\n<p><img loading=\"lazy\" decoding=\"async\" class=\"alignnone wp-image-4193 size-full\" title=\"Cart\u00f3rio Protesto Ribeir\u00e3o Preto\" src=\"https:\/\/www.encontraribeiraopreto.com.br\/sobre\/wp-content\/uploads\/cartorio-protesto-ribeirao-.jpg\" alt=\"Cart\u00f3rio Protesto Ribeir\u00e3o Preto\" width=\"680\" height=\"189\" srcset=\"https:\/\/www.encontraribeiraopreto.com.br\/sobre\/wp-content\/uploads\/cartorio-protesto-ribeirao-.jpg 680w, https:\/\/www.encontraribeiraopreto.com.br\/sobre\/wp-content\/uploads\/cartorio-protesto-ribeirao--300x83.jpg 300w\" sizes=\"(max-width: 680px) 100vw, 680px\" \/><\/p>\n<p>Amplas salas, instala\u00e7\u00f5es com equipamentos de \u00faltima gera\u00e7\u00e3o, alta tecnologia e informatiza\u00e7\u00e3o de todos os ambientes, bem como a grande efici\u00eancia e bom atendimento prestado diariamente \u00e0 sociedade garantem o fluxo dos servi\u00e7os.<\/p>\n<p>Renomados colaboradores atuam com excel\u00eancia e profissionalismo, o que traz mais confian\u00e7a e satisfa\u00e7\u00e3o para os clientes.<\/p>\n<h2>Hor\u00e1rio de Funcionamento Cart\u00f3rio Protesto Ribeir\u00e3o Preto<\/h2>\n<ul>\n<li>Segunda a sexta das 9h \u00e1s 17h<\/li>\n<\/ul>\n<h3>Onde Fica, Endere\u00e7o e Telefone Cart\u00f3rio Protesto Ribeir\u00e3o Preto<\/h3>\n<ul>\n<li>Avenida 9 de Julho, 1110 &#8211; Ribeir\u00e3o Preto &#8211; SP<\/li>\n<li>Telefone: (16) 4009-1199<\/li>\n<\/ul>\n<h4>Outras informa\u00e7\u00f5es e site<\/h4>\n<ul>\n<li>Mais informa\u00e7\u00f5es: <a href=\"http:\/\/www.segundotabeliao.com.br\" target=\"_blank\" rel=\"noopener noreferrer\">www.segundotabeliao.com.br<\/a><\/li>\n<\/ul>\n<h4>Mapa de localiza\u00e7\u00e3o<\/h4>\n<a class=\"wp-colorbox-iframe\" href=\"https:\/\/www.google.com\/maps\/embed?pb=!1m18!1m12!1m3!1d29761.005252048166!2d-47.82582920228749!3d-21.18716668348851!2m3!1f0!2f0!3f0!3m2!1i1024!2i768!4f13.1!3m3!1m2!1s0x94b9bee0d29def770x9e6b8d3cceb3be66!2s2+Tabelio+de+Protesto+de+Letras+e+Ttulos+de+Ribeiro+Preto!5e0!3m2!1spt-BR!2sbr!4v1531846637754\"><img decoding=\"async\" src=\"http:\/\/www.encontrabelohorizonte.com.br\/imgs\/maps-post.png\"><\/a>\n\n<div style=\"font-size: 0px; height: 0px; line-height: 0px; margin: 0; padding: 0; clear: both;\"><\/div>","protected":false},"excerpt":{"rendered":"<p>O 2\u00ba Tabeli\u00e3o de Notas de Ribeir\u00e3o Preto mant\u00e9m a tradi\u00e7\u00e3o na presta\u00e7\u00e3o de servi\u00e7os p\u00fablicos desde 1889, colocando os clientes sempre em primeiro lugar. Em nova localiza\u00e7\u00e3o e moderna estrutura, o 2\u00ba Tabeli\u00e3o de Notas de Ribeir\u00e3o Preto apresenta sua nova filosofia de trabalho que integra toda a equipe e dinamiza todos os servi\u00e7os oferecidos aos clientes com mais agilidade e precis\u00e3o. Amplas salas, instala\u00e7\u00f5es com equipamentos de \u00faltima gera\u00e7\u00e3o, alta tecnologia e informatiza\u00e7\u00e3o de todos os ambientes, bem como a grande efici\u00eancia e bom atendimento prestado diariamente \u00e0 sociedade garantem o fluxo dos servi\u00e7os. Renomados colaboradores atuam com <\/p>\n","protected":false},"author":1,"featured_media":0,"parent":0,"menu_order":0,"comment_status":"closed","ping_status":"closed","template":"","meta":{"footnotes":""},"class_list":["post-4189","page","type-page","status-publish","hentry"],"aioseo_notices":[],"_links":{"self":[{"href":"https:\/\/www.encontraribeiraopreto.com.br\/sobre\/wp-json\/wp\/v2\/pages\/4189"}],"collection":[{"href":"https:\/\/www.encontraribeiraopreto.com.br\/sobre\/wp-json\/wp\/v2\/pages"}],"about":[{"href":"https:\/\/www.encontraribeiraopreto.com.br\/sobre\/wp-json\/wp\/v2\/types\/page"}],"author":[{"embeddable":true,"href":"https:\/\/www.encontraribeiraopreto.com.br\/sobre\/wp-json\/wp\/v2\/users\/1"}],"replies":[{"embeddable":true,"href":"https:\/\/www.encontraribeiraopreto.com.br\/sobre\/wp-json\/wp\/v2\/comments?post=4189"}],"version-history":[{"count":0,"href":"https:\/\/www.encontraribeiraopreto.com.br\/sobre\/wp-json\/wp\/v2\/pages\/4189\/revisions"}],"wp:attachment":[{"href":"https:\/\/www.encontraribeiraopreto.com.br\/sobre\/wp-json\/wp\/v2\/media?parent=4189"}],"curies":[{"name":"wp","href":"https:\/\/api.w.org\/{rel}","templated":true}]}}