{"id":4198,"date":"2018-07-17T17:51:00","date_gmt":"2018-07-17T20:51:00","guid":{"rendered":"https:\/\/www.encontraribeiraopreto.com.br\/sobre\/?page_id=4198"},"modified":"2018-07-17T17:51:00","modified_gmt":"2018-07-17T20:51:00","slug":"forum-ribeirao-preto","status":"publish","type":"page","link":"https:\/\/www.encontraribeiraopreto.com.br\/sobre\/forum-ribeirao-preto\/","title":{"rendered":"F\u00f3rum Ribeir\u00e3o Preto"},"content":{"rendered":"<div class=\"cd7ef838bed10b2b4567f853226bc383\" data-index=\"1\" style=\"float: none; margin:0px;\">\n<!-- Anuncio display - global -->\r\n<ins class=\"adsbygoogle\"\r\n     style=\"display:block\"\r\n     data-ad-client=\"ca-pub-8585364105181520\"\r\n     data-ad-slot=\"8789329856\"\r\n     data-ad-format=\"auto\"\r\n     data-full-width-responsive=\"true\"><\/ins>\r\n<script>\r\n     (adsbygoogle = window.adsbygoogle || []).push({});\r\n<\/script>\r\n\n<\/div>\n<p>No <strong>F\u00f3rum Ribeir\u00e3o Preto<\/strong> est\u00e1 sediada as instala\u00e7\u00f5es do Poder Judici\u00e1rio, onde trabalham os magistrados.<\/p>\n<p><img loading=\"lazy\" decoding=\"async\" class=\"alignnone wp-image-4202 size-full\" title=\"F\u00f3rum Ribeir\u00e3o Preto\" src=\"https:\/\/www.encontraribeiraopreto.com.br\/sobre\/wp-content\/uploads\/forum-ribeirao-preto.jpg\" alt=\"F\u00f3rum Ribeir\u00e3o Preto\" width=\"680\" height=\"189\" srcset=\"https:\/\/www.encontraribeiraopreto.com.br\/sobre\/wp-content\/uploads\/forum-ribeirao-preto.jpg 680w, https:\/\/www.encontraribeiraopreto.com.br\/sobre\/wp-content\/uploads\/forum-ribeirao-preto-300x83.jpg 300w\" sizes=\"(max-width: 680px) 100vw, 680px\" \/><\/p>\n<h2>Hor\u00e1rio de Funcionamento F\u00f3rum Ribeir\u00e3o Preto<\/h2>\n<ul>\n<li>Segunda a sexta das 12h30 \u00e1s 19h<\/li>\n<\/ul>\n<h3>Endere\u00e7o e Telefone F\u00f3rum Ribeir\u00e3o Preto<\/h3>\n<ul>\n<li>R. Alice Al\u00e9m Saadi, 1010 &#8211; Nova Ribeir\u00e2nia &#8211; Ribeir\u00e3o Preto &#8211; SP<\/li>\n<li>Telefone: (16) 3629-0004<\/li>\n<\/ul>\n<h4>Outras informa\u00e7\u00f5es e site<\/h4>\n<ul>\n<li>Mais informa\u00e7\u00f5es: <a href=\"https:\/\/www.ribeiraopreto.sp.gov.br\/crp\/i71F\u00f3rum.htm\" target=\"_blank\" rel=\"noopener noreferrer\">www.ribeiraopreto.sp.gov.br<\/a><\/li>\n<\/ul>\n<h4>Mapa de localiza\u00e7\u00e3o<\/h4>\n<a class=\"wp-colorbox-iframe\" href=\"https:\/\/www.google.com\/maps\/embed?pb=!1m14!1m8!1m3!1d14879.196067255385!2d-47.7695857!3d-21.2001416!3m2!1i1024!2i768!4f13.1!3m3!1m2!%201s0x00xc7066e839fd4ca6e!2sFrum+de+Ribeiro+Preto+Palcio+da+Justia!5e0!3m2!1spt-BR!2sbr!4v1531839780076\"><img decoding=\"async\" src=\"http:\/\/www.encontrabelohorizonte.com.br\/imgs\/maps-post.png\"><\/a>\n\n<div style=\"font-size: 0px; height: 0px; line-height: 0px; margin: 0; padding: 0; clear: both;\"><\/div>","protected":false},"excerpt":{"rendered":"<p>No F\u00f3rum Ribeir\u00e3o Preto est\u00e1 sediada as instala\u00e7\u00f5es do Poder Judici\u00e1rio, onde trabalham os magistrados. Hor\u00e1rio de Funcionamento F\u00f3rum Ribeir\u00e3o Preto Segunda a sexta das 12h30 \u00e1s 19h Endere\u00e7o e Telefone F\u00f3rum Ribeir\u00e3o Preto R. Alice Al\u00e9m Saadi, 1010 &#8211; Nova Ribeir\u00e2nia &#8211; Ribeir\u00e3o Preto &#8211; SP Telefone: (16) 3629-0004 Outras informa\u00e7\u00f5es e site Mais informa\u00e7\u00f5es: www.ribeiraopreto.sp.gov.br Mapa de localiza\u00e7\u00e3o<\/p>\n","protected":false},"author":1,"featured_media":0,"parent":0,"menu_order":0,"comment_status":"closed","ping_status":"closed","template":"","meta":{"footnotes":""},"class_list":["post-4198","page","type-page","status-publish","hentry"],"aioseo_notices":[],"_links":{"self":[{"href":"https:\/\/www.encontraribeiraopreto.com.br\/sobre\/wp-json\/wp\/v2\/pages\/4198"}],"collection":[{"href":"https:\/\/www.encontraribeiraopreto.com.br\/sobre\/wp-json\/wp\/v2\/pages"}],"about":[{"href":"https:\/\/www.encontraribeiraopreto.com.br\/sobre\/wp-json\/wp\/v2\/types\/page"}],"author":[{"embeddable":true,"href":"https:\/\/www.encontraribeiraopreto.com.br\/sobre\/wp-json\/wp\/v2\/users\/1"}],"replies":[{"embeddable":true,"href":"https:\/\/www.encontraribeiraopreto.com.br\/sobre\/wp-json\/wp\/v2\/comments?post=4198"}],"version-history":[{"count":0,"href":"https:\/\/www.encontraribeiraopreto.com.br\/sobre\/wp-json\/wp\/v2\/pages\/4198\/revisions"}],"wp:attachment":[{"href":"https:\/\/www.encontraribeiraopreto.com.br\/sobre\/wp-json\/wp\/v2\/media?parent=4198"}],"curies":[{"name":"wp","href":"https:\/\/api.w.org\/{rel}","templated":true}]}}