{"id":4209,"date":"2018-07-17T17:57:57","date_gmt":"2018-07-17T20:57:57","guid":{"rendered":"https:\/\/www.encontraribeiraopreto.com.br\/sobre\/?page_id=4209"},"modified":"2025-04-30T09:38:05","modified_gmt":"2025-04-30T12:38:05","slug":"ceasa-ribeirao-preto","status":"publish","type":"page","link":"https:\/\/www.encontraribeiraopreto.com.br\/sobre\/ceasa-ribeirao-preto\/","title":{"rendered":"Ceasa Ribeir\u00e3o Preto"},"content":{"rendered":"<div class=\"cd7ef838bed10b2b4567f853226bc383\" data-index=\"1\" style=\"float: none; margin:0px;\">\n<!-- Anuncio display - global -->\r\n<ins class=\"adsbygoogle\"\r\n     style=\"display:block\"\r\n     data-ad-client=\"ca-pub-8585364105181520\"\r\n     data-ad-slot=\"8789329856\"\r\n     data-ad-format=\"auto\"\r\n     data-full-width-responsive=\"true\"><\/ins>\r\n<script>\r\n     (adsbygoogle = window.adsbygoogle || []).push({});\r\n<\/script>\r\n\n<\/div>\n<p>A CEAGESP \u2013 Companhia de Entrepostos e Armaz\u00e9ns Gerais de S\u00e3o Paulo \u00e9 uma empresa p\u00fablica federal, sob a forma de sociedade an\u00f4nima, vinculada ao Minist\u00e9rio da Agricultura, Pecu\u00e1ria e Abastecimento e representa um importante elo na cadeia de abastecimento de produtos hort\u00edcolas.<\/p>\n<p><strong>Ceasa Ribeir\u00e3o Preto<\/strong> possibilita que a produ\u00e7\u00e3o do campo, proveniente de v\u00e1rios estados brasileiros e de outros pa\u00edses, alcance a mesa das pessoas com regularidade e qualidade.<\/p>\n<p><img loading=\"lazy\" decoding=\"async\" class=\"alignnone wp-image-4214 size-full\" title=\"Ceasa Ribeir\u00e3o Preto\" src=\"https:\/\/www.encontraribeiraopreto.com.br\/sobre\/wp-content\/uploads\/ceasa-ribeirao-preto.jpg\" alt=\"Ceasa Ribeir\u00e3o Preto\" width=\"680\" height=\"189\" srcset=\"https:\/\/www.encontraribeiraopreto.com.br\/sobre\/wp-content\/uploads\/ceasa-ribeirao-preto.jpg 680w, https:\/\/www.encontraribeiraopreto.com.br\/sobre\/wp-content\/uploads\/ceasa-ribeirao-preto-300x83.jpg 300w\" sizes=\"(max-width: 680px) 100vw, 680px\" \/><\/p>\n<p>Para tanto, conta com duas unidades de neg\u00f3cios distintas e que s\u00e3o complementares: a armazenagem e a entrepostagem.<\/p>\n<p>Dessa forma, a Companhia garante, de forma sustent\u00e1vel, a infraestrutura necess\u00e1ria para que atacadistas, varejistas, produtores rurais, cooperativas, importadores, exportadores e agroind\u00fastrias desenvolvam suas atividades com garantia de seguran\u00e7a, efici\u00eancia e servi\u00e7os qualificados.<\/p>\n<p>Para se ter uma no\u00e7\u00e3o da dimens\u00e3o da empresa, a CEAGESP mant\u00e9m a maior rede p\u00fablica de armaz\u00e9ns, silos (grandes dep\u00f3sitos, em forma de cilindro, para guardar produtos agr\u00edcolas) e graneleiros (locais que recebem ou abrigam mercadorias a granel) do Estado de S\u00e3o Paulo.<\/p>\n<p>Conta tamb\u00e9m com a maior central de abastecimento de frutas, legumes, verduras, flores, pescados e diversos (alho, batata, cebola, coco seco e ovos) da Am\u00e9rica Latina \u2013 o Entreposto Terminal S\u00e3o Paulo (ETSP). Situado na zona oeste da capital paulista, pelo local circulam diariamente cerca de 50 mil pessoas e 12 mil ve\u00edculos.<\/p>\n<h2>Ceasa Ribeir\u00e3o Preto Plantas<\/h2>\n<p>Marca registrada da Companhia de Entrepostos e Armaz\u00e9ns Gerais de S\u00e3o Paulo (CEAGESP), a <span style=\"text-decoration: underline;\">Feira de Flores do Entreposto Terminal S\u00e3o Paulo (ETSP) \u00e9 a maior do g\u00eanero no pa\u00eds.<\/span><\/p>\n<p>Realizada no Pavilh\u00e3o Mercado Livre do Produtor (MLP), re\u00fane cerca de mil<span style=\"text-decoration: underline;\"> produtores de flores, plantas, grama e mudas.<\/span><\/p>\n<h3>Ceasa Ribeir\u00e3o Preto Pre\u00e7os<\/h3>\n<p>Os <em>pre\u00e7os<\/em> variam de acordo com os produtos. Voc\u00ea pode consulta-los acessando o Facebook ou site do local.<\/p>\n<h3>Ceasa Ribeir\u00e3o Preto Cota\u00e7\u00e3o<\/h3>\n<p>Entre no site para acessar as cota\u00e7\u00f5es.<\/p>\n<h3>Ceasa Ribeir\u00e3o Preto A\u00e7\u00f5es e Programas<\/h3>\n<p>A Companhia de Entrepostos e Armaz\u00e9ns Gerais de S\u00e3o Paulo (CEAGESP) atua para fortalecer a cadeia de abastecimento de frutas, legumes, verduras, flores, pescados e diversos (alho, batata, cebola, coco seco e ovos).<\/p>\n<p>Nesse sentido, a empresa desenvolve uma s\u00e9rie de programas, destinados a melhorar a qualidade da produ\u00e7\u00e3o e da comercializa\u00e7\u00e3o. \u00c9 o caso, por exemplo, do Dicas da Semana (lista de produtos com pre\u00e7os em baixa, est\u00e1veis ou em alta) e do \u00cdndice de Pre\u00e7os CEAGESP (indicador mensal de varia\u00e7\u00e3o de valores praticados no atacado).<\/p>\n<p>Para saber mais sobre essas e outras iniciativas, basta consultar o item Servi\u00e7os.<\/p>\n<p>A Companhia conta tamb\u00e9m com a\u00e7\u00f5es espec\u00edficas voltadas para a atividade de armazenagem, como o Servi\u00e7o de Classifica\u00e7\u00e3o Vegetal (SECLAC).<\/p>\n<p>Por se tratar de um \u00f3rg\u00e3o p\u00fablico \u2013 est\u00e1 vinculado ao Minist\u00e9rio da Agricultura, Pecu\u00e1ria e Abastecimento -, a CEAGESP incentiva e promove projetos de responsabilidade social.<\/p>\n<h3>Hor\u00e1rio de Funcionamento Ceasa Ribeir\u00e3o Preto<\/h3>\n<ul>\n<li>Seg., qua. e sexta das 6h \u00e1s 11h \/\u00a0Ter\u00e7a e quinta e s\u00e1bado das 0h \u00e1s 12h \/\u00a0Dom. das 6h \u00e1s 9h<\/li>\n<\/ul>\n<h3>Onde Fica, Endere\u00e7o e Telefone Ceasa Ribeir\u00e3o Preto<\/h3>\n<ul>\n<li>Av. Bandeirantes, 285 &#8211; Vila Virginia &#8211; Ribeir\u00e3o Preto &#8211; SP<\/li>\n<li>Telefone: (16) 3941-1101<\/li>\n<\/ul>\n<h4>Outras informa\u00e7\u00f5es e site<\/h4>\n<ul>\n<li>Mais informa\u00e7\u00f5es: <a href=\"http:\/\/www.ceagesp.gov.br\/entrepostos\/interior\/ribeirao-preto\/\" target=\"_blank\" rel=\"noopener noreferrer\">www.ceagesp.gov.br<\/a><\/li>\n<li>Mais informa\u00e7\u00f5es: <a href=\"https:\/\/www.ceasa.net.br\/ceasa-ribeirao-preto\/\" target=\"_blank\" rel=\"noopener noreferrer\">www.ceasa.net.br<\/a><\/li>\n<\/ul>\n<h4>Mapa de localiza\u00e7\u00e3o<\/h4>\n<a class=\"wp-colorbox-iframe\" href=\"https:\/\/www.google.com\/maps\/embed?pb=!1m14!1m8!1m3!1d14881.349063633703!2d-47.8290007!3d-21.178757!3m2!1i1024!2i768!4f13.1!3m3!1m2!1s0x00xe75623b52bd6c1de!2sCeasa+Ribeiro+Preto!5e0!3m2!1spt-BR!2sbr!4v1531840703086\"><img decoding=\"async\" src=\"http:\/\/www.encontrabelohorizonte.com.br\/imgs\/maps-post.png\"><\/a>\n\n<div style=\"font-size: 0px; height: 0px; line-height: 0px; margin: 0; padding: 0; clear: both;\"><\/div>","protected":false},"excerpt":{"rendered":"<p>A CEAGESP \u2013 Companhia de Entrepostos e Armaz\u00e9ns Gerais de S\u00e3o Paulo \u00e9 uma empresa p\u00fablica federal, sob a forma de sociedade an\u00f4nima, vinculada ao Minist\u00e9rio da Agricultura, Pecu\u00e1ria e Abastecimento e representa um importante elo na cadeia de abastecimento de produtos hort\u00edcolas. Ceasa Ribeir\u00e3o Preto possibilita que a produ\u00e7\u00e3o do campo, proveniente de v\u00e1rios estados brasileiros e de outros pa\u00edses, alcance a mesa das pessoas com regularidade e qualidade. Para tanto, conta com duas unidades de neg\u00f3cios distintas e que s\u00e3o complementares: a armazenagem e a entrepostagem. Dessa forma, a Companhia garante, de forma sustent\u00e1vel, a infraestrutura necess\u00e1ria para <\/p>\n","protected":false},"author":1,"featured_media":0,"parent":0,"menu_order":0,"comment_status":"closed","ping_status":"closed","template":"","meta":{"footnotes":""},"class_list":["post-4209","page","type-page","status-publish","hentry"],"aioseo_notices":[],"_links":{"self":[{"href":"https:\/\/www.encontraribeiraopreto.com.br\/sobre\/wp-json\/wp\/v2\/pages\/4209"}],"collection":[{"href":"https:\/\/www.encontraribeiraopreto.com.br\/sobre\/wp-json\/wp\/v2\/pages"}],"about":[{"href":"https:\/\/www.encontraribeiraopreto.com.br\/sobre\/wp-json\/wp\/v2\/types\/page"}],"author":[{"embeddable":true,"href":"https:\/\/www.encontraribeiraopreto.com.br\/sobre\/wp-json\/wp\/v2\/users\/1"}],"replies":[{"embeddable":true,"href":"https:\/\/www.encontraribeiraopreto.com.br\/sobre\/wp-json\/wp\/v2\/comments?post=4209"}],"version-history":[{"count":0,"href":"https:\/\/www.encontraribeiraopreto.com.br\/sobre\/wp-json\/wp\/v2\/pages\/4209\/revisions"}],"wp:attachment":[{"href":"https:\/\/www.encontraribeiraopreto.com.br\/sobre\/wp-json\/wp\/v2\/media?parent=4209"}],"curies":[{"name":"wp","href":"https:\/\/api.w.org\/{rel}","templated":true}]}}