{"id":4315,"date":"2018-08-02T22:13:45","date_gmt":"2018-08-03T01:13:45","guid":{"rendered":"https:\/\/www.encontraribeiraopreto.com.br\/sobre\/?page_id=4315"},"modified":"2019-07-01T10:22:16","modified_gmt":"2019-07-01T13:22:16","slug":"comunidade-crista-de-ribeirao-preto","status":"publish","type":"page","link":"https:\/\/www.encontraribeiraopreto.com.br\/sobre\/comunidade-crista-de-ribeirao-preto\/","title":{"rendered":"Comunidade Crist\u00e3 de Ribeir\u00e3o Preto"},"content":{"rendered":"<div class=\"cd7ef838bed10b2b4567f853226bc383\" data-index=\"1\" style=\"float: none; margin:0px;\">\n<!-- Anuncio display - global -->\r\n<ins class=\"adsbygoogle\"\r\n     style=\"display:block\"\r\n     data-ad-client=\"ca-pub-8585364105181520\"\r\n     data-ad-slot=\"8789329856\"\r\n     data-ad-format=\"auto\"\r\n     data-full-width-responsive=\"true\"><\/ins>\r\n<script>\r\n     (adsbygoogle = window.adsbygoogle || []).push({});\r\n<\/script>\r\n\n<\/div>\n<p>A <strong>Comunidade Crist\u00e3 de Ribeir\u00e3o Preto<\/strong> \u00e9 uma igreja local com forte \u00eanfase em discipulado, evangelismo, adora\u00e7\u00e3o, servi\u00e7o, relacionamento e ensino da Palavra de Deus.<\/p>\n<p>Baseando seu modelo de pastoreamento e crescimento nos pequenos grupos (c\u00e9lulas e grupos de discipulado), ela cresce a cada dia para a gl\u00f3ria de seu Senhor, Jesus Cristo.<\/p>\n<p><img loading=\"lazy\" decoding=\"async\" class=\"alignnone wp-image-4317 size-full\" title=\"Comunidade Crist\u00e3 de Ribeir\u00e3o Preto\" src=\"https:\/\/www.encontraribeiraopreto.com.br\/sobre\/wp-content\/uploads\/comunidade-crista-de-ribeir.jpg\" alt=\"Comunidade Crist\u00e3 de Ribeir\u00e3o Preto\" width=\"680\" height=\"189\" srcset=\"https:\/\/www.encontraribeiraopreto.com.br\/sobre\/wp-content\/uploads\/comunidade-crista-de-ribeir.jpg 680w, https:\/\/www.encontraribeiraopreto.com.br\/sobre\/wp-content\/uploads\/comunidade-crista-de-ribeir-300x83.jpg 300w\" sizes=\"(max-width: 680px) 100vw, 680px\" \/><\/p>\n<p>Uma multid\u00e3o que decidiu nunca desprezar o valor de cada um. Assim se apresenta a CCRP, que desenvolve suas atividades gerais em seu Campus Principal, no Ipiranga, Zona Oeste de Ribeir\u00e3o Preto, mas mant\u00e9m tamb\u00e9m extens\u00f5es em outras regi\u00f5es da cidade (Extens\u00e3o Norte e Extens\u00e3o Sul). Seu governo \u00e9 presbiterial, ou seja, um colegiado de pastores, sob a presid\u00eancia de Danilo Figueira, toma as decis\u00f5es necess\u00e1rias para o bom andamento da igreja, apoiado por uma multid\u00e3o de l\u00edderes leigos, comprometidos com o minist\u00e9rio celular.<\/p>\n<p>A Comunidade Crist\u00e3 de Ribeir\u00e3o Preto \u00e9 uma igreja que busca ser relevante na sociedade em que foi plantada, n\u00e3o s\u00f3 pela prega\u00e7\u00e3o do evangelho, mas pela a\u00e7\u00e3o de suas obras sociais, mantendo uma escola confessional de educa\u00e7\u00e3o infantil e ensino fundamental, uma creche, uma comunidade terap\u00eautica, al\u00e9m de v\u00e1rios outros bra\u00e7os de miseric\u00f3rdia, voltados para assistir ao pobre e necessitado. Uma igreja n\u00e3o perde sua voca\u00e7\u00e3o mission\u00e1ria, que mant\u00e9m a prioridade de se multiplicar em outras igrejas e, assim, se espalha pelo Brasil e pelas na\u00e7\u00f5es. Uma comunidade carism\u00e1tica, que valoriza o mover do Esp\u00edrito Santo, e que decidiu ser uma multid\u00e3o cada vez maior, sem perder a no\u00e7\u00e3o do valor de cada ser humano.<\/p>\n<h2>Comunidade Crist\u00e3 de Ribeir\u00e3o Preto Culto Ao Vivo<\/h2>\n<p>Para assistir os <em>cultos ao vivo<\/em> acesse o site.<\/p>\n<h3>Equipe Pastoral\u00a0Comunidade Crist\u00e3 de Ribeir\u00e3o Preto<\/h3>\n<p><strong>Danilo e M\u00f4nica Figueira<\/strong> &#8211; Fundadores da Comunidade Crist\u00e3 de Ribeir\u00e3o Preto, Danilo e M\u00f4nica, casados desde 1988, presidem a equipe pastoral, exercendo o minist\u00e9rio prof\u00e9tico e apost\u00f3lico, n\u00e3o s\u00f3 na rede de igrejas-filhas que lideram, mas tamb\u00e9m no contexto extralocal, sendo muito requisitados como conferencistas pelo Brasil e exterior. Danilo \u00e9 escritor com forte \u00eanfase em lideran\u00e7a, discipulado e cuidado pastoral, tendo suas obras amplamente difundidos no meio da igreja brasileira. M\u00f4nica, tamb\u00e9m escritora, \u00e9 formada em Odontologia pela USP, mas deixou de exercer a profiss\u00e3o ainda no in\u00edcio da carreira para dedicar-se exclusivamente ao minist\u00e9rio pastoral, junto com seu marido, em especial liderando o trabalho com mulheres e dando cobertura espiritual \u00e0s unidades educacionais da igreja.<\/p>\n<p><strong>Valdir e Roseli Lemes<\/strong> &#8211; Colunas importantes no minist\u00e9rio da Comunidade Crist\u00e3 de Ribeir\u00e3o Preto, Valdir e Roseli t\u00eam um n\u00edtido minist\u00e9rio apost\u00f3lico e, por isso mesmo, dedicam boa parte do seu tempo ajudando os Prs. Danilo e M\u00f4nica a acompanhar os obreiros enviados para o campo mission\u00e1rio e pastores de igrejas ligadas \u00e0 sua rede. Valdir \u00e9 Bacharel em Teologia, formado pelo Semin\u00e1rio Presbiteriano do Norte, em Recife, com cr\u00e9ditos validados pela Unicesumar, de Maring\u00e1. Com profundo conhecimento e revela\u00e7\u00e3o da Palavra, ele \u00e9 um dos coordenadores da Extens\u00e3o Sul da Comunidade. Junto com sua esposa, cobre tamb\u00e9m o minist\u00e9rio de intercess\u00e3o da igreja, al\u00e9m de dedicar-se, na posi\u00e7\u00e3o de vice-presidente, \u00e0 supervis\u00e3o administrativa da mesma.<\/p>\n<p><strong>Ant\u00f4nio e Ana Cl\u00e1udia Valente<\/strong> &#8211; Gerados na pr\u00f3pria Comunidade Crist\u00e3 de Ribeir\u00e3o Preto, sob o discipulado direto dos Prs. Danilo e M\u00f4nica, Ant\u00f4nio e Ana Cl\u00e1udia s\u00e3o especialmente dedicados ao minist\u00e9rio pastoral e de ensino. Ele \u00e9 formado em Letras, tendo deixado, em 2002, uma promissora carreira p\u00fablica na Justi\u00e7a Federal para dedicar-se ao pastorado. Profundo conhecedor das Escrituras, homem apaixonado pelo mover do Esp\u00edrito Santo, responde pela \u00e1rea acad\u00eamica, orientando as Escolas de Crescimento e de Minist\u00e9rio da igreja, al\u00e9m de atender \u00e0 uma demanda extralocal, como conferencista. Ana Cl\u00e1udia, esposa, atua ao seu lado em todas as suas atribui\u00e7\u00f5es, incluindo a coordena\u00e7\u00e3o da Extens\u00e3o Norte da igreja. Tamb\u00e9m dirige com excel\u00eancia o Minist\u00e9rio Sem Limites, voltado para o servi\u00e7o pastoral ao p\u00fablico da terceira idade.<\/p>\n<p><strong>Carlos Alberto e Elaine Janu\u00e1rio<\/strong> &#8211; Apaixonados pela nova gera\u00e7\u00e3o, Carlinhos e sua esposa Elaine trabalham com pastoreamento de jovens, desde antes de 2003, quando foram ordenados. Ele \u00e9 formado em Ci\u00eancias da Computa\u00e7\u00e3o pela USP e ela em Biomedicina. Come\u00e7aram no minist\u00e9rio dedicando-se ao discipulado de adolescentes, de onde levantaram uma tremenda gera\u00e7\u00e3o de l\u00edderes, alguns deles, pastores, hoje. Atualmente s\u00e3o respons\u00e1veis pela coordena\u00e7\u00e3o do Minist\u00e9rio YES UP, que tem seu foco em jovens maduros, al\u00e9m de coordenarem o trabalho de consolida\u00e7\u00e3o (integra\u00e7\u00e3o dos novos convertidos) e o controle de c\u00e9lulas da igreja. Cooperam tamb\u00e9m na dire\u00e7\u00e3o da Extens\u00e3o Norte, juntos com os Prs. Ant\u00f4nio e Ana Cl\u00e1udia. Carlinhos est\u00e1 profundamente envolvido no acompanhamento pastoral do CRECEI, unidade educacional da igreja.<\/p>\n<p><strong>Jo\u00e3o Andr\u00e9 e N\u00e1dia Dias<\/strong> &#8211; Pastores da Rede LKC, que trabalha com juniores e do YES Movement, minist\u00e9rio voltado para adolescentes e jovens, este casal vive 24 horas por dia a paix\u00e3o pela juventude. Jo\u00e3o Andr\u00e9 faz parte do grupo de membros fundadores da Comunidade Crist\u00e3 de Ribeir\u00e3o Preto, em 1986. Foi ordenado ao minist\u00e9rio pastoral, junto com N\u00e1dia, sua esposa, no ano 2000. Desde ent\u00e3o, t\u00eam se dedicado a compreender as chaves do cora\u00e7\u00e3o das novas gera\u00e7\u00f5es, com suas constantes mudan\u00e7as de linguagem e foco. Como consequ\u00eancia dessa busca, criaram o Semin\u00e1rio Pais Revolucion\u00e1rios, que tem servido \u00e0 igreja brasileira com orienta\u00e7\u00e3o sobre o trabalho com adolescentes no contexto familiar. Jo\u00e3o Andr\u00e9 est\u00e1 tamb\u00e9m envolvido na coordena\u00e7\u00e3o log\u00edstica dos principais eventos da igreja e na dire\u00e7\u00e3o da sua Extens\u00e3o Sul.<\/p>\n<p><strong>Jos\u00e9 Mauro e Cristina Ferreira<\/strong> &#8211; Ordenados como pastores da Comunidade Crist\u00e3 de Ribeir\u00e3o Preto em 2009, Z\u00e9 Mauro e Cristina s\u00e3o respons\u00e1veis por orientar todo o minist\u00e9rio de m\u00fasica da igreja, composto por dezenas de t\u00e9cnicos, instrumentistas e salmistas. Ele deixou a carreira de m\u00fasico profissional e fot\u00f3grafo para dedicar-se ao servi\u00e7o da Casa de Deus, onde seguiu usando seus talentos como compositor, arranjador e produtor musical. Sua esposa, Cris Santos, como ficou conhecida depois de gravar CDs e DVDs infantis, \u00e9 formada em pedagogia e, depois de dedicar-se por anos ao ensino acad\u00eamico, voltou-se exclusivamente para o minist\u00e9rio com mulheres e, especialmente, com o p\u00fablico infantil. Ela coordena todo o trabalho, com uma grande equipe de professores e l\u00edderes de c\u00e9lula, no minist\u00e9rio denominado Igreja da Crian\u00e7a.<\/p>\n<p><strong>Sin\u00e9sio e L\u00facia Callegari<\/strong> &#8211; Engenheiros civis por forma\u00e7\u00e3o, dedicando a maior parte do seu tempo \u00e0 carreira profissional, Sin\u00e9sio e L\u00facia trabalham tamb\u00e9m no minist\u00e9rio pastoral com muito zelo e dilig\u00eancia. Com um peso especial por fam\u00edlias, servem na \u00e1rea de discipulado, aconselhamento e ensino, antes mesmo de congregarem na Comunidade Crist\u00e3 de Ribeir\u00e3o Preto. Foram reconhecidos como pastores em 2009, tendo coordenado a antiga Rede de Casais. Por sua experi\u00eancia e profundo conhecimento b\u00edblico, Sin\u00e9sio \u00e9 uma refer\u00eancia de maturidade dentro do minist\u00e9rio local.<\/p>\n<p><strong>Sergio e Josiane Callegari<\/strong> &#8211; Ambos formados em Direito, Serginho e Josy, sua esposa, s\u00e3o pastores na Comunidade Crist\u00e3 de Ribeir\u00e3o Preto desde 2009. Ele ainda divide seu tempo com a carreira de funcion\u00e1rio p\u00fablico na Justi\u00e7a Federal. Mesmo assim, com uma personalidade proativa, coordena todas as frentes assistenciais da igreja, inclusive, presidindo a OAASIS, entidade do terceiro setor que d\u00e1 cobertura jur\u00eddica \u00e0 v\u00e1rias dessas obras. Josy, al\u00e9m de dedicar-se ao pastoreamento de mulheres, d\u00e1 cobertura pastoral o minist\u00e9rio de capelania e visita\u00e7\u00e3o hospitalar mantido pela igreja.<\/p>\n<p><strong>Moys\u00e9s e Raquel Moraes<\/strong> &#8211; Ordenados ao minist\u00e9rio pastoral em 2016, depois de terem se destacado como excelentes l\u00edderes celulares, Moys\u00e9s e Raquel, oriundos da Assembl\u00e9ia de Deus, onde receberam a f\u00e9, foram formados na Comunidade Crist\u00e3 de Ribeir\u00e3o Preto sob o discipulado direto dos Prs. Danilo e M\u00f4nica. Dedicados ao apascentamento do rebanho, trabalhando com \u00eanfase na estrutura\u00e7\u00e3o familiar, lograram o reconhecimento de toda a igreja, ap\u00f3s longos anos de servi\u00e7o. Moys\u00e9s, coordenador dos minist\u00e9rio de comunica\u00e7\u00e3o da igreja, \u00e9 profissional de cria\u00e7\u00e3o gr\u00e1fica e dedica boa parte do seu tempo \u00e0 ger\u00eancia da Selah Produ\u00e7\u00f5es, empresa que publica e distribui os materiais do Pr. Danilo, entre outros. Ali ele tem tamb\u00e9m a oportunidade de prestar apoio e consultoria a pastores de todo o Brasil.<\/p>\n<h3>Hor\u00e1rio de Funcionamento Comunidade Crist\u00e3 de Ribeir\u00e3o Preto<\/h3>\n<ul>\n<li>S\u00e1bado e domingo das 9h \u00e0s 21h<\/li>\n<\/ul>\n<h3>Onde Fica, Endere\u00e7o e Telefone Comunidade Crist\u00e3 de Ribeir\u00e3o Preto<\/h3>\n<ul>\n<li><b>Ipiranga: <\/b>Rua Japur\u00e1, 829 &#8211; Ipiranga &#8211; Tel.: (16) 3633-5957<\/li>\n<li><b>Vila Mariana\u00a0: <\/b>Av. Mogiana, 2545 &#8211; Vila Mariana &#8211; Tel.: (16) 3633-5957<\/li>\n<li><b>Republica: <\/b>Avenida Caramuru, 2780 &#8211; Republica &#8211; Tel.: (16) 3505-1200<\/li>\n<\/ul>\n<h4>Outras informa\u00e7\u00f5es Site e CNPJ<\/h4>\n<ul>\n<li>Mais informa\u00e7\u00f5es: <a href=\"https:\/\/www.comcrist.org\/#\/\" target=\"_blank\" rel=\"noopener noreferrer\">www.comcrist.org<\/a><\/li>\n<li>CNPJ: 54.921.424\/0001-18<\/li>\n<\/ul>\n<h4>Mapa de localiza\u00e7\u00e3o Ipiranga<\/h4>\n<a class=\"wp-colorbox-iframe\" href=\"https:\/\/www.google.com\/maps\/embed?pb=!1m18!1m12!1m3!1d3721.0189739241255!2d-47.83235168555215!3d-21.151643182914945!2m3!1f0!2f0!3f0!3m2!1i1024!2i768!4f13.1!3m3!1m2!1s0x94b9be110db948f10xf5587a59d4a0a003!2sComunidade+Crist+de+Ribeiro+Preto!5e0!3m2!1spt-BR!2sbr!4v1533126946556\"><img decoding=\"async\" src=\"http:\/\/www.encontrabelohorizonte.com.br\/imgs\/maps-post.png\"><\/a>\n\n<div style=\"font-size: 0px; height: 0px; line-height: 0px; margin: 0; padding: 0; clear: both;\"><\/div>","protected":false},"excerpt":{"rendered":"<p>A Comunidade Crist\u00e3 de Ribeir\u00e3o Preto \u00e9 uma igreja local com forte \u00eanfase em discipulado, evangelismo, adora\u00e7\u00e3o, servi\u00e7o, relacionamento e ensino da Palavra de Deus. Baseando seu modelo de pastoreamento e crescimento nos pequenos grupos (c\u00e9lulas e grupos de discipulado), ela cresce a cada dia para a gl\u00f3ria de seu Senhor, Jesus Cristo. Uma multid\u00e3o que decidiu nunca desprezar o valor de cada um. Assim se apresenta a CCRP, que desenvolve suas atividades gerais em seu Campus Principal, no Ipiranga, Zona Oeste de Ribeir\u00e3o Preto, mas mant\u00e9m tamb\u00e9m extens\u00f5es em outras regi\u00f5es da cidade (Extens\u00e3o Norte e Extens\u00e3o Sul). Seu <\/p>\n","protected":false},"author":1,"featured_media":0,"parent":0,"menu_order":0,"comment_status":"closed","ping_status":"closed","template":"","meta":{"footnotes":""},"class_list":["post-4315","page","type-page","status-publish","hentry"],"aioseo_notices":[],"_links":{"self":[{"href":"https:\/\/www.encontraribeiraopreto.com.br\/sobre\/wp-json\/wp\/v2\/pages\/4315"}],"collection":[{"href":"https:\/\/www.encontraribeiraopreto.com.br\/sobre\/wp-json\/wp\/v2\/pages"}],"about":[{"href":"https:\/\/www.encontraribeiraopreto.com.br\/sobre\/wp-json\/wp\/v2\/types\/page"}],"author":[{"embeddable":true,"href":"https:\/\/www.encontraribeiraopreto.com.br\/sobre\/wp-json\/wp\/v2\/users\/1"}],"replies":[{"embeddable":true,"href":"https:\/\/www.encontraribeiraopreto.com.br\/sobre\/wp-json\/wp\/v2\/comments?post=4315"}],"version-history":[{"count":0,"href":"https:\/\/www.encontraribeiraopreto.com.br\/sobre\/wp-json\/wp\/v2\/pages\/4315\/revisions"}],"wp:attachment":[{"href":"https:\/\/www.encontraribeiraopreto.com.br\/sobre\/wp-json\/wp\/v2\/media?parent=4315"}],"curies":[{"name":"wp","href":"https:\/\/api.w.org\/{rel}","templated":true}]}}