{"id":4431,"date":"2018-09-17T18:18:46","date_gmt":"2018-09-17T21:18:46","guid":{"rendered":"https:\/\/www.encontraribeiraopreto.com.br\/sobre\/?page_id=4431"},"modified":"2019-07-01T16:25:44","modified_gmt":"2019-07-01T19:25:44","slug":"cpfl-ribeirao-preto","status":"publish","type":"page","link":"https:\/\/www.encontraribeiraopreto.com.br\/sobre\/cpfl-ribeirao-preto\/","title":{"rendered":"CPFL Ribeir\u00e3o Preto"},"content":{"rendered":"<div class=\"cd7ef838bed10b2b4567f853226bc383\" data-index=\"1\" style=\"float: none; margin:0px;\">\n<!-- Anuncio display - global -->\r\n<ins class=\"adsbygoogle\"\r\n     style=\"display:block\"\r\n     data-ad-client=\"ca-pub-8585364105181520\"\r\n     data-ad-slot=\"8789329856\"\r\n     data-ad-format=\"auto\"\r\n     data-full-width-responsive=\"true\"><\/ins>\r\n<script>\r\n     (adsbygoogle = window.adsbygoogle || []).push({});\r\n<\/script>\r\n\n<\/div>\n<p>Com mais de 100 anos de hist\u00f3ria, a CPFL Energia possui neg\u00f3cios em distribui\u00e7\u00e3o, gera\u00e7\u00e3o, comercializa\u00e7\u00e3o de energia el\u00e9trica e servi\u00e7os.<\/p>\n<p>Hoje, a <strong>CPFL Ribeir\u00e3o Preto<\/strong> leva energia a 9,1 milh\u00f5es de clientes. Al\u00e9m disso, est\u00e1 entre as empresas l\u00edderes no segmento de energias renov\u00e1veis no Brasil.<\/p>\n<p><img loading=\"lazy\" decoding=\"async\" class=\"alignnone wp-image-4454 size-full\" title=\"CPFL Ribeir\u00e3o Preto\" src=\"https:\/\/www.encontraribeiraopreto.com.br\/sobre\/wp-content\/uploads\/cpfl-ribeirao-preto.jpg\" alt=\"CPFL Ribeir\u00e3o Preto\" width=\"680\" height=\"189\" srcset=\"https:\/\/www.encontraribeiraopreto.com.br\/sobre\/wp-content\/uploads\/cpfl-ribeirao-preto.jpg 680w, https:\/\/www.encontraribeiraopreto.com.br\/sobre\/wp-content\/uploads\/cpfl-ribeirao-preto-300x83.jpg 300w\" sizes=\"(max-width: 680px) 100vw, 680px\" \/><\/p>\n<p>Mas n\u00e3o \u00e9 s\u00f3 isso que nos estimula. Sabe, por exemplo, do papel crucial que o setor energ\u00e9tico desempenhar\u00e1 em rela\u00e7\u00e3o ao futuro do planeta. Por isso, enquanto todos esperam que uma empresa de energia cumpra o seu papel,\u00a0busca fazer mais do que isso: desenvolve programas de conserva\u00e7\u00e3o e conscientiza\u00e7\u00e3o sobre o uso eficiente da energia el\u00e9trica, investe em redes inteligentes, mobilidade urbana el\u00e9trica e muito mais.\u200b<\/p>\n<h2>CPFL Ribeir\u00e3o Preto Consultar D\u00e9bitos e Segunda Via<\/h2>\n<p>Atrav\u00e9s deste servi\u00e7o, voc\u00ea poder\u00e1 consultar se existem <em>d\u00e9bitos em aberto ou pendentes<\/em> em sua instala\u00e7\u00e3o e optar em efetuar o <em>pagamento<\/em> atrav\u00e9s dos bancos Bradesco e Ita\u00fa diretamente via Internet. Ou se preferir, o <em>pagamento<\/em> poder\u00e1 ser realizado atrav\u00e9s do c\u00f3digo de barra nos bancos de sua prefer\u00eancia.<\/p>\n<h3>CPFL Ribeir\u00e3o Preto Trabalhe Conosco<\/h3>\n<p>A CPFL Servi\u00e7os busca profissionais engajados em assumir desafios, com atitudes inovadoras na busca do melhor resultado, foco em qualidade e seguran\u00e7a, respeito e valoriza\u00e7\u00e3o em relacionamentos com clientes, fornecedores e parceiros.<\/p>\n<p>Envie seu<span style=\"text-decoration: underline;\"> curr\u00edculo<\/span> para <a href=\"mailto:recrutaservicos@cpfl.com.br\" target=\"_blank\" rel=\"noopener noreferrer\">recrutaservicos@cpfl.com.br<\/a><\/p>\n<h3>CPFL Ribeir\u00e3o Preto Liga\u00e7\u00e3o de Energia<\/h3>\n<p>Precisa solicitar uma <em>nova liga\u00e7\u00e3o de energia el\u00e9trica<\/em> para seu im\u00f3vel? Entre no site\u00a0e registre sua solicita\u00e7\u00e3o, certificando-se que j\u00e1 possua a rela\u00e7\u00e3o completa dos aparelhos que ser\u00e3o instalados no im\u00f3vel e que a montagem do padr\u00e3o de entrada (postinho, caixa, disjuntor, fios instalados, ART quando houver necessidade entre outros) esteja conclu\u00edda e o livre acesso at\u00e9 o padr\u00e3o de entrada para instala\u00e7\u00e3o do medidor.<\/p>\n<h3>Hor\u00e1rio de Funcionamento CPFL Ribeir\u00e3o Preto<\/h3>\n<ul>\n<li><b>Unidade 1: <\/b>Entre em contato com a unidade<\/li>\n<li><b>Unidade 2: <\/b>Segunda a sexta das 8h \u00e0s 16h<\/li>\n<li><b>Unidade 3: <\/b>Aberto 24 horas<\/li>\n<li><b>Unidade 4: <\/b>Aberto 24 horas<\/li>\n<li><b>Unidade 5: <\/b>Entre em contato com a unidade<\/li>\n<li><b>Unidade 6: <\/b>Aberto 24 horas<\/li>\n<\/ul>\n<h3>Onde Fica, Endere\u00e7o e Telefone CPFL Ribeir\u00e3o Preto<\/h3>\n<ul>\n<li><b>Unidade 1: <\/b>Rua Carlos C\u00e9sar Tornelo, s\/n &#8211; Telefone: 0800 010 1010<\/li>\n<li><b>Unidade 2: <\/b>Av. Cavalheiro Paschoal Innecchi, 888 &#8211; Independ\u00eancia &#8211; Telefone: (16) 3628-2288<\/li>\n<li><b>Unidade 3: <\/b>R. Carlos de Campos, 700 &#8211; Vila Monte Alegre &#8211; Telefone: 0800 010 1010<\/li>\n<li><b>Unidade 4: <\/b>R. J\u00e1como Natal Granzotto &#8211; Telefone: 0800 010 1010<\/li>\n<li><b>Unidade 5: <\/b>Avenida General Euclydes Figueiredo &#8211; s\/n &#8211; Telefone: (16) 3974-3027<\/li>\n<li><b>Unidade 6: <\/b>R. Saldanha Marinho, 904 &#8211; Centro &#8211; Telefone: (16) 3974-3027<\/li>\n<\/ul>\n<h4>Outras informa\u00e7\u00f5es e site<\/h4>\n<ul>\n<li>Mais informa\u00e7\u00f5es: <a href=\"http:\/\/www.cpfl.com.br\" target=\"_blank\" rel=\"noopener noreferrer\">www.cpfl.com.br<\/a><\/li>\n<\/ul>\n<h4>Mapa de localiza\u00e7\u00e3o<\/h4>\n<a class=\"wp-colorbox-iframe\" href=\"https:\/\/www.google.com\/maps\/embed?pb=!1m14!1m8!1m3!1d14883.157007817577!2d-47.7871851!3d-21.1607837!3m2!1i1024!2i768!4f13.1!3m3!1m2!1s0x00x22de4fb97f3ef90d!2sCompanhia+Paulista+de+Forca+e+Luz!5e0!3m2!1spt-BR!2sbr!4v1537205849102\"><img decoding=\"async\" src=\"http:\/\/www.encontrabelohorizonte.com.br\/imgs\/maps-post.png\"><\/a>\n\n<div style=\"font-size: 0px; height: 0px; line-height: 0px; margin: 0; padding: 0; clear: both;\"><\/div>","protected":false},"excerpt":{"rendered":"<p>Com mais de 100 anos de hist\u00f3ria, a CPFL Energia possui neg\u00f3cios em distribui\u00e7\u00e3o, gera\u00e7\u00e3o, comercializa\u00e7\u00e3o de energia el\u00e9trica e servi\u00e7os. Hoje, a CPFL Ribeir\u00e3o Preto leva energia a 9,1 milh\u00f5es de clientes. Al\u00e9m disso, est\u00e1 entre as empresas l\u00edderes no segmento de energias renov\u00e1veis no Brasil. Mas n\u00e3o \u00e9 s\u00f3 isso que nos estimula. Sabe, por exemplo, do papel crucial que o setor energ\u00e9tico desempenhar\u00e1 em rela\u00e7\u00e3o ao futuro do planeta. Por isso, enquanto todos esperam que uma empresa de energia cumpra o seu papel,\u00a0busca fazer mais do que isso: desenvolve programas de conserva\u00e7\u00e3o e conscientiza\u00e7\u00e3o sobre o uso <\/p>\n","protected":false},"author":1,"featured_media":0,"parent":0,"menu_order":0,"comment_status":"closed","ping_status":"closed","template":"","meta":{"footnotes":""},"class_list":["post-4431","page","type-page","status-publish","hentry"],"aioseo_notices":[],"_links":{"self":[{"href":"https:\/\/www.encontraribeiraopreto.com.br\/sobre\/wp-json\/wp\/v2\/pages\/4431"}],"collection":[{"href":"https:\/\/www.encontraribeiraopreto.com.br\/sobre\/wp-json\/wp\/v2\/pages"}],"about":[{"href":"https:\/\/www.encontraribeiraopreto.com.br\/sobre\/wp-json\/wp\/v2\/types\/page"}],"author":[{"embeddable":true,"href":"https:\/\/www.encontraribeiraopreto.com.br\/sobre\/wp-json\/wp\/v2\/users\/1"}],"replies":[{"embeddable":true,"href":"https:\/\/www.encontraribeiraopreto.com.br\/sobre\/wp-json\/wp\/v2\/comments?post=4431"}],"version-history":[{"count":0,"href":"https:\/\/www.encontraribeiraopreto.com.br\/sobre\/wp-json\/wp\/v2\/pages\/4431\/revisions"}],"wp:attachment":[{"href":"https:\/\/www.encontraribeiraopreto.com.br\/sobre\/wp-json\/wp\/v2\/media?parent=4431"}],"curies":[{"name":"wp","href":"https:\/\/api.w.org\/{rel}","templated":true}]}}