{"id":4435,"date":"2018-09-17T18:22:51","date_gmt":"2018-09-17T21:22:51","guid":{"rendered":"https:\/\/www.encontraribeiraopreto.com.br\/sobre\/?page_id=4435"},"modified":"2019-07-01T16:33:05","modified_gmt":"2019-07-01T19:33:05","slug":"inss-ribeirao-preto","status":"publish","type":"page","link":"https:\/\/www.encontraribeiraopreto.com.br\/sobre\/inss-ribeirao-preto\/","title":{"rendered":"INSS Ribeir\u00e3o Preto"},"content":{"rendered":"<div class=\"cd7ef838bed10b2b4567f853226bc383\" data-index=\"1\" style=\"float: none; margin:0px;\">\n<!-- Anuncio display - global -->\r\n<ins class=\"adsbygoogle\"\r\n     style=\"display:block\"\r\n     data-ad-client=\"ca-pub-8585364105181520\"\r\n     data-ad-slot=\"8789329856\"\r\n     data-ad-format=\"auto\"\r\n     data-full-width-responsive=\"true\"><\/ins>\r\n<script>\r\n     (adsbygoogle = window.adsbygoogle || []).push({});\r\n<\/script>\r\n\n<\/div>\n<p>Instituto Nacional do Seguro Social (<strong>INSS\u00a0Ribeir\u00e3o Preto<\/strong>) \u00e9 uma autarquia do Governo do Brasil vinculada ao Minist\u00e9rio da Economia.<\/p>\n<p>Recebe as contribui\u00e7\u00f5es para a manuten\u00e7\u00e3o do Regime Geral da previd\u00eancia social, respons\u00e1vel pelo pagamento da aposentadoria, pens\u00e3o por morte, aux\u00edlio-doen\u00e7a, aux\u00edlio-acidente e outros benef\u00edcios para aqueles que adquirirem o direito a estes benef\u00edcios segundo o previsto pela lei.<\/p>\n<p><img loading=\"lazy\" decoding=\"async\" class=\"alignnone wp-image-4458 size-full\" title=\"INSS Ribeir\u00e3o Preto\" src=\"https:\/\/www.encontraribeiraopreto.com.br\/sobre\/wp-content\/uploads\/inss-ribeirao-preto.jpg\" alt=\"INSS Ribeir\u00e3o Preto\" width=\"680\" height=\"189\" srcset=\"https:\/\/www.encontraribeiraopreto.com.br\/sobre\/wp-content\/uploads\/inss-ribeirao-preto.jpg 680w, https:\/\/www.encontraribeiraopreto.com.br\/sobre\/wp-content\/uploads\/inss-ribeirao-preto-300x83.jpg 300w\" sizes=\"(max-width: 680px) 100vw, 680px\" \/><\/p>\n<p>O INSS trabalha junto \u00e0 Dataprev, empresa de tecnologia que faz o processamento de todos os dados da Previd\u00eancia.<\/p>\n<p>Al\u00e9m do regime geral, os estados e munic\u00edpios podem instituir os seus regimes pr\u00f3prios financiados por contribui\u00e7\u00f5es espec\u00edficas.<\/p>\n<p>O INSS foi criado com base no Decreto n\u00ba 99.350 de 27 de junho de 1990 mediante a fus\u00e3o do Instituto de Administra\u00e7\u00e3o Financeira da Previd\u00eancia e Assist\u00eancia Social (IAPAS), com o Instituto Nacional de Previd\u00eancia Social (INPS).<\/p>\n<p>Compete ao INSS a operacionaliza\u00e7\u00e3o do reconhecimento dos direitos da clientela do Regime Geral de Previd\u00eancia Social (RGPS), que atualmente abrange mais de 40 milh\u00f5es de contribuintes. O Instituto possui em seu quadro administrativo quase 40.000 servidores ativos, lotados em todas as regi\u00f5es do Pa\u00eds, que atendem presencialmente mais de quatro milh\u00f5es de pessoas todos os meses.<\/p>\n<p>Conta com uma rede altamente capilarizada, de cerca de 1.200 unidades de atendimento, as chamadas Ag\u00eancias da Previd\u00eancia Social (APS), presentes em todos os estados da Federa\u00e7\u00e3o.<\/p>\n<p>Trata-se de um mecanismo democr\u00e1tico, que ajuda a minimizar as desigualdades sociais. A renda transferida pela Previd\u00eancia \u00e9 utilizada para assegurar o sustento do trabalhador e de sua fam\u00edlia quando ele perde a capacidade de trabalho por motivo de doen\u00e7a, acidente, gravidez, pris\u00e3o, morte ou idade avan\u00e7ada.<\/p>\n<p>No entanto, apesar dos alegados benef\u00edcios sociais especialistas apontam que a institui\u00e7\u00e3o da Previd\u00eancia Social \u00e9 deficit\u00e1ria.[4] Em anos recentes o governo federal chegou a estabelecer medidas de ajuste para redu\u00e7\u00e3o de custos, conforme Lei 13.135 de 17 de junho de 2015, sancionada com veto parcial pela ent\u00e3o presidente Dilma Rousseff.<\/p>\n<h2>INSS Ribeir\u00e3o Preto Agendamento<\/h2>\n<p>O <span style=\"text-decoration: underline;\">agendamento<\/span> tem por finalidade viabilizar um atendimento mais c\u00f4modo e resolutivo para voc\u00ea, al\u00e9m de permitir \u00e0s ag\u00eancias do INSS se planejarem para o atendimento de acordo com a for\u00e7a de trabalho de cada unidade. O <em>agendamento<\/em> \u00e9 um protocolo v\u00e1lido e garante todos os seus direitos. Depois de agendar, lembre-se de conferir, na p\u00e1gina do pr\u00f3prio servi\u00e7o, a documenta\u00e7\u00e3o que voc\u00ea deve levar no dia do seu atendimento.<\/p>\n<h3>INSS\u00a0Ribeir\u00e3o Preto Per\u00edcia<\/h3>\n<p>A\u00a0per\u00edcia m\u00e9dica\u00a0\u00e9 uma atividade realizada no INSS para verifica\u00e7\u00e3o m\u00e9dica com diversas finalidades m\u00e9dicas que ser\u00e3o utilizadas administrativamente para caracteriza\u00e7\u00e3o ou n\u00e3o, conforme a legisla\u00e7\u00e3o vigente no momento, do direito a um benef\u00edcio, dentre elas: a verifica\u00e7\u00e3o da incapacidade laborativa consequente a traumas ou doen\u00e7as para a concess\u00e3o de benef\u00edcios por incapacidade; a verifica\u00e7\u00e3o da invalidez para a concess\u00e3o de benef\u00edcios assistenciais; a verifica\u00e7\u00e3o do enquadramento da doen\u00e7a de que o examinado \u00e9 portador em v\u00e1rias situa\u00e7\u00f5es de direito a benef\u00edcios fiscais, tais como isen\u00e7\u00e3o de pagamento de imposto de renda para aposentados.<\/p>\n<p>\u00c9 de compet\u00eancia exclusiva de um m\u00e9dico concursado e treinado internamente, que deve possuir conhecimentos de legisla\u00e7\u00e3o previdenci\u00e1ria. \u00c9 uma especialidade m\u00e9dica reconhecida pelo Conselho Federal de Medicina, fazendo parte da especialidade de \u201c<em>Per\u00edcia M\u00e9dica e Medicina Legal<\/em>\u201c, que abrange outros tipos de per\u00edcias al\u00e9m da\u00a0<em>per\u00edcia previdenci\u00e1ria<\/em>\u00a0(como per\u00edcia criminal de les\u00f5es corporais)<\/p>\n<h3>Hor\u00e1rio de Funcionamento INSS Ribeir\u00e3o Preto<\/h3>\n<ul>\n<li>Segunda sexta das 7h \u00e0s 17h<\/li>\n<\/ul>\n<h3>Onde Fica, Endere\u00e7o e Telefone INSS Ribeir\u00e3o Preto<\/h3>\n<ul>\n<li><b>Unidade 1: <\/b>R. Amador Bueno, 479 &#8211; Centro &#8211; Telefone: (16) 3211-4608<\/li>\n<li><b>Unidade 2: <\/b>R. Lafaiete, 668 &#8211; Centro &#8211; Telefone: (16) 3636-3619<\/li>\n<li><b>Unidade 3: <\/b>Av. Cel. Quito Junqueira, 57 &#8211; Campos El\u00edsios &#8211; Telefone: (16) 3211-4608<\/li>\n<\/ul>\n<h4>Outras informa\u00e7\u00f5es e site<\/h4>\n<ul>\n<li>Mais informa\u00e7\u00f5es: <a href=\"http:\/\/www.inss.gov.br\" target=\"_blank\" rel=\"noopener noreferrer\">www.inss.gov.br<\/a><\/li>\n<li>CNPJ: 29979036102814<\/li>\n<\/ul>\n<h4>Mapa de localiza\u00e7\u00e3o Unidade 2<\/h4>\n<a class=\"wp-colorbox-iframe\" href=\"https:\/\/www.google.com\/maps\/embed?pb=!1m14!1m8!1m3!1d14881.25743696328!2d-47.8096996!3d-21.1796675!3m2!1i1024!2i768!4f13.1!3m3!1m2!1s0x00x27eca6e8e287cc31!2sInstituto+Nacional+do+Seguro+Social!5e0!3m2!1spt-BR!2sbr!4v1537206735334\"><img decoding=\"async\" src=\"http:\/\/www.encontrabelohorizonte.com.br\/imgs\/maps-post.png\"><\/a>\n\n<div style=\"font-size: 0px; height: 0px; line-height: 0px; margin: 0; padding: 0; clear: both;\"><\/div>","protected":false},"excerpt":{"rendered":"<p>Instituto Nacional do Seguro Social (INSS\u00a0Ribeir\u00e3o Preto) \u00e9 uma autarquia do Governo do Brasil vinculada ao Minist\u00e9rio da Economia. Recebe as contribui\u00e7\u00f5es para a manuten\u00e7\u00e3o do Regime Geral da previd\u00eancia social, respons\u00e1vel pelo pagamento da aposentadoria, pens\u00e3o por morte, aux\u00edlio-doen\u00e7a, aux\u00edlio-acidente e outros benef\u00edcios para aqueles que adquirirem o direito a estes benef\u00edcios segundo o previsto pela lei. O INSS trabalha junto \u00e0 Dataprev, empresa de tecnologia que faz o processamento de todos os dados da Previd\u00eancia. Al\u00e9m do regime geral, os estados e munic\u00edpios podem instituir os seus regimes pr\u00f3prios financiados por contribui\u00e7\u00f5es espec\u00edficas. O INSS foi criado com <\/p>\n","protected":false},"author":1,"featured_media":0,"parent":0,"menu_order":0,"comment_status":"closed","ping_status":"closed","template":"","meta":{"footnotes":""},"class_list":["post-4435","page","type-page","status-publish","hentry"],"aioseo_notices":[],"_links":{"self":[{"href":"https:\/\/www.encontraribeiraopreto.com.br\/sobre\/wp-json\/wp\/v2\/pages\/4435"}],"collection":[{"href":"https:\/\/www.encontraribeiraopreto.com.br\/sobre\/wp-json\/wp\/v2\/pages"}],"about":[{"href":"https:\/\/www.encontraribeiraopreto.com.br\/sobre\/wp-json\/wp\/v2\/types\/page"}],"author":[{"embeddable":true,"href":"https:\/\/www.encontraribeiraopreto.com.br\/sobre\/wp-json\/wp\/v2\/users\/1"}],"replies":[{"embeddable":true,"href":"https:\/\/www.encontraribeiraopreto.com.br\/sobre\/wp-json\/wp\/v2\/comments?post=4435"}],"version-history":[{"count":0,"href":"https:\/\/www.encontraribeiraopreto.com.br\/sobre\/wp-json\/wp\/v2\/pages\/4435\/revisions"}],"wp:attachment":[{"href":"https:\/\/www.encontraribeiraopreto.com.br\/sobre\/wp-json\/wp\/v2\/media?parent=4435"}],"curies":[{"name":"wp","href":"https:\/\/api.w.org\/{rel}","templated":true}]}}