{"id":4439,"date":"2018-09-17T18:28:40","date_gmt":"2018-09-17T21:28:40","guid":{"rendered":"https:\/\/www.encontraribeiraopreto.com.br\/sobre\/?page_id=4439"},"modified":"2019-07-01T16:37:48","modified_gmt":"2019-07-01T19:37:48","slug":"sesi-ribeirao-preto","status":"publish","type":"page","link":"https:\/\/www.encontraribeiraopreto.com.br\/sobre\/sesi-ribeirao-preto\/","title":{"rendered":"SESI Ribeir\u00e3o Preto"},"content":{"rendered":"<div class=\"cd7ef838bed10b2b4567f853226bc383\" data-index=\"1\" style=\"float: none; margin:0px;\">\n<!-- Anuncio display - global -->\r\n<ins class=\"adsbygoogle\"\r\n     style=\"display:block\"\r\n     data-ad-client=\"ca-pub-8585364105181520\"\r\n     data-ad-slot=\"8789329856\"\r\n     data-ad-format=\"auto\"\r\n     data-full-width-responsive=\"true\"><\/ins>\r\n<script>\r\n     (adsbygoogle = window.adsbygoogle || []).push({});\r\n<\/script>\r\n\n<\/div>\n<p>O Servi\u00e7o Social da Ind\u00fastria \u2013 SESI est\u00e1 presente na vida do trabalhador da ind\u00fastria piauiense e da sua fam\u00edlia h\u00e1 mais de seis d\u00e9cadas, atua em v\u00e1rios munic\u00edpios do estado, realiza milhares de atendimentos por ano em diversas \u00e1reas de atua\u00e7\u00e3o.<\/p>\n<p><strong>Sesi Ribeir\u00e3o Preto<\/strong> tem a miss\u00e3o de promover a melhoria da qualidade de vida dos trabalhadores da ind\u00fastria e seus dependentes com foco em Educa\u00e7\u00e3o, Sa\u00fade, Lazer e Responsabilidade Social .<\/p>\n<p><img loading=\"lazy\" decoding=\"async\" class=\"alignnone wp-image-4468 size-full\" title=\"SESI Ribeir\u00e3o Preto\" src=\"https:\/\/www.encontraribeiraopreto.com.br\/sobre\/wp-content\/uploads\/sesi-ribeirao-preto.jpg\" alt=\"SESI Ribeir\u00e3o Preto\" width=\"680\" height=\"189\" srcset=\"https:\/\/www.encontraribeiraopreto.com.br\/sobre\/wp-content\/uploads\/sesi-ribeirao-preto.jpg 680w, https:\/\/www.encontraribeiraopreto.com.br\/sobre\/wp-content\/uploads\/sesi-ribeirao-preto-300x83.jpg 300w\" sizes=\"(max-width: 680px) 100vw, 680px\" \/><\/p>\n<p>O Servi\u00e7o Social da Ind\u00fastria (SESI) \u00e9 uma entidade de direito privado, nos termos da lei civil, estruturada em base federativa para prestar assist\u00eancia social aos trabalhadores industriais e de atividades assemelhadas em todo o Pa\u00eds.<\/p>\n<p>O Sesi exerce papel fundamental no desenvolvimento social brasileiro, colaborando efetivamente com a melhoria da qualidade de vida do trabalhador da ind\u00fastria, seus familiares e comunidade em geral por meio de seus servi\u00e7os nos campos da educa\u00e7\u00e3o, sa\u00fade, lazer e esporte, cultura, alimenta\u00e7\u00e3o e outros.<\/p>\n<p>\u00c9, tamb\u00e9m, parceiro das empresas, fornecendo apoio ativo na implanta\u00e7\u00e3o e desenvolvimento de projetos de benef\u00edcios sociais para funcion\u00e1rios.<\/p>\n<p><strong>Miss\u00e3o<\/strong><\/p>\n<p>Promover a educa\u00e7\u00e3o para o desenvolvimento econ\u00f4mico e social, contribuindo para eleva\u00e7\u00e3o da competitividade da ind\u00fastria e melhoria dos padr\u00f5es de vida do benefici\u00e1rio da ind\u00fastria e seus dependentes.<\/p>\n<p><strong>Vis\u00e3o<\/strong><\/p>\n<p>Ser l\u00edder na promo\u00e7\u00e3o do desenvolvimento social que apoia a competitividade da ind\u00fastria e o crescimento sustent\u00e1vel da economia.<\/p>\n<p><strong>Valores<\/strong><\/p>\n<ul>\n<li>Comprometimento e responsabilidade com a miss\u00e3o institucional.<\/li>\n<li>Confian\u00e7a pautada nos preceitos de integridade, lealdade e dignidade.<\/li>\n<li>Valoriza\u00e7\u00e3o do ser humano e da harmonia nas rela\u00e7\u00f5es sociais.<\/li>\n<li>Respeito ao meio ambiente.<\/li>\n<li>Busca permanente da efici\u00eancia e da inova\u00e7\u00e3o em servi\u00e7os, produtos e processos.<\/li>\n<li>Transpar\u00eancia na rela\u00e7\u00e3o entre colaboradores, clientes e fornecedores.<\/li>\n<\/ul>\n<p>Objetivos do SESI<\/p>\n<ul>\n<li>Organizar os servi\u00e7os sociais adequados \u00e0s necessidades e possibilidades locais, regionais e nacionais<\/li>\n<li>Utilizar os recursos educativos e assistenciais existentes, tanto p\u00fablicos, como particulares<\/li>\n<li>Estabelecer conv\u00eanios, contratos e acordos com \u00f3rg\u00e3os p\u00fablicos profissionais e particulares<\/li>\n<li>Promover quaisquer modalidades de cursos e atividades especializadas de servi\u00e7o social<\/li>\n<li>Conceder bolsas de estudo, no Pa\u00eds e no estrangeiro, ao seu pessoal t\u00e9cnico, para forma\u00e7\u00e3o e aperfei\u00e7oamento<\/li>\n<li>Contratar t\u00e9cnicos, dentro e fora do territ\u00f3rio nacional, quando necess\u00e1rios ao desenvolvimento e aperfei\u00e7oamento de seus servi\u00e7os<\/li>\n<li>Participar de congressos t\u00e9cnicos relacionados com suas finalidades<\/li>\n<li>Realizar, direta ou indiretamente, no interesse do desenvolvimento econ\u00f4mico-social do Pa\u00eds, estudos e pesquisas sobre as circunst\u00e2ncias vivenciais dos seus usu\u00e1rios, sobre a efici\u00eancia da produ\u00e7\u00e3o individual e coletiva, sobre aspectos ligados \u00e0 vida do trabalhador e sobre as condi\u00e7\u00f5es socioecon\u00f4micas das comunidades<\/li>\n<li>Servir-se dos recursos audiovisuais e dos instrumentos de forma\u00e7\u00e3o da opini\u00e3o p\u00fablica, para interpretar e realizar a sua obra educativa e divulgar os princ\u00edpios, m\u00e9todos e t\u00e9cnicas de servi\u00e7o social.<\/li>\n<\/ul>\n<h2>SESI Ribeir\u00e3o Preto Trabalhe Conosco e Concurso<\/h2>\n<p>Para informa\u00e7\u00f5es de: Edital de Vagas, Regras de Sele\u00e7\u00e3o e Documentos Necess\u00e1rios, acesse o site.<\/p>\n<h3>SESI Ribeir\u00e3o Preto Educa\u00e7\u00e3o Infantil<\/h3>\n<p>A <span style=\"text-decoration: underline;\">inscri\u00e7\u00e3o<\/span> dever\u00e1 ser efetuada exclusivamente no site.<br \/>\nAs informa\u00e7\u00f5es prestadas no ato da <em>inscri\u00e7\u00e3o<\/em> ser\u00e3o de inteira e total responsabilidade dos pais ou respons\u00e1veis pelo candidato.<\/p>\n<p>As <span style=\"text-decoration: underline;\">vagas da Educa\u00e7\u00e3o Infantil<\/span> ser\u00e3o distribu\u00eddas de acordo com os seguintes porcentuais:<\/p>\n<ul>\n<li>85% &#8211; aos inscritos da categoria \u201cBenefici\u00e1rio\u201d<\/li>\n<li>10% &#8211; aos inscritos da categoria \u201cFuncion\u00e1rio do SESI-SP\u201d<\/li>\n<li>5% &#8211; aos inscritos da categoria \u201cFuncion\u00e1rio do SENAI-SP\u201d<\/li>\n<\/ul>\n<h3>Onde Fica, Endere\u00e7o e Telefone SESI Ribeir\u00e3o Preto<\/h3>\n<ul>\n<li><b>Unidade 1: <\/b>R. Dom Lu\u00eds do Amaral Mousinho, 3465 &#8211; Telefone: (16) 3603-7310<\/li>\n<li><b>Unidade 2: <\/b>R. Maranh\u00e3o, 630 &#8211; Ipiranga &#8211; Telefone: (16) 3630-1601<\/li>\n<li><b>Unidade 3:<\/b> Entre em contato com a unidade<\/li>\n<li><b>Unidade 4: <\/b>R. Maranh\u00e3o, 830 &#8211; Ipiranga &#8211; Telefone: (16) 3630-1601<\/li>\n<li><b>Unidade 5: <\/b>R. Piratininga, 700 &#8211; Vila Tiberio &#8211; Telefone: (16) 3633-8579<\/li>\n<li><b>Unidade 6: <\/b>R. Dr. Jo\u00e3o Gui\u00e3o, 1245 &#8211; Vila Virginia &#8211; Telefone: (16) 3637-1173<\/li>\n<li><b>Unidade 7: <\/b>R. Buenos A\u00edres, 159 &#8211; Vila Mariana &#8211; Telefone: (16) 3628-5229<\/li>\n<li><b>Unidade 8: <\/b>R. Tapaj\u00f3s, 2714 &#8211; Vila Recreio &#8211; Telefone: (16) 3976-5150<\/li>\n<\/ul>\n<h4>Outras informa\u00e7\u00f5es e site<\/h4>\n<ul>\n<li>Mais informa\u00e7\u00f5es: <a href=\"http:\/\/www.sesisp.org.br\/educacao\/ribeirao-preto\" target=\"_blank\" rel=\"noopener noreferrer\">www.sesisp.org.br\/educacao\/ribeirao-preto<\/a><\/li>\n<\/ul>\n<h4>Mapa de localiza\u00e7\u00e3o<\/h4>\n<a class=\"wp-colorbox-iframe\" href=\"https:\/\/www.google.com\/maps\/embed?pb=!1m14!1m8!1m3!1d14880.158932706445!2d-47.7765925!3d-21.1905805!3m2!1i1024!2i768!4f13.1!3m3!1m2!1s0x00x4453c6d061e9993e!2sSESI+Unidade+298!5e0!3m2!1spt-BR!2sbr!4v1537195534285\"><img decoding=\"async\" src=\"http:\/\/www.encontrabelohorizonte.com.br\/imgs\/maps-post.png\"><\/a>\n\n<div style=\"font-size: 0px; height: 0px; line-height: 0px; margin: 0; padding: 0; clear: both;\"><\/div>","protected":false},"excerpt":{"rendered":"<p>O Servi\u00e7o Social da Ind\u00fastria \u2013 SESI est\u00e1 presente na vida do trabalhador da ind\u00fastria piauiense e da sua fam\u00edlia h\u00e1 mais de seis d\u00e9cadas, atua em v\u00e1rios munic\u00edpios do estado, realiza milhares de atendimentos por ano em diversas \u00e1reas de atua\u00e7\u00e3o. Sesi Ribeir\u00e3o Preto tem a miss\u00e3o de promover a melhoria da qualidade de vida dos trabalhadores da ind\u00fastria e seus dependentes com foco em Educa\u00e7\u00e3o, Sa\u00fade, Lazer e Responsabilidade Social . O Servi\u00e7o Social da Ind\u00fastria (SESI) \u00e9 uma entidade de direito privado, nos termos da lei civil, estruturada em base federativa para prestar assist\u00eancia social aos trabalhadores <\/p>\n","protected":false},"author":1,"featured_media":4468,"parent":0,"menu_order":0,"comment_status":"closed","ping_status":"closed","template":"","meta":{"footnotes":""},"class_list":["post-4439","page","type-page","status-publish","has-post-thumbnail","hentry","has_thumb"],"aioseo_notices":[],"_links":{"self":[{"href":"https:\/\/www.encontraribeiraopreto.com.br\/sobre\/wp-json\/wp\/v2\/pages\/4439"}],"collection":[{"href":"https:\/\/www.encontraribeiraopreto.com.br\/sobre\/wp-json\/wp\/v2\/pages"}],"about":[{"href":"https:\/\/www.encontraribeiraopreto.com.br\/sobre\/wp-json\/wp\/v2\/types\/page"}],"author":[{"embeddable":true,"href":"https:\/\/www.encontraribeiraopreto.com.br\/sobre\/wp-json\/wp\/v2\/users\/1"}],"replies":[{"embeddable":true,"href":"https:\/\/www.encontraribeiraopreto.com.br\/sobre\/wp-json\/wp\/v2\/comments?post=4439"}],"version-history":[{"count":0,"href":"https:\/\/www.encontraribeiraopreto.com.br\/sobre\/wp-json\/wp\/v2\/pages\/4439\/revisions"}],"wp:featuredmedia":[{"embeddable":true,"href":"https:\/\/www.encontraribeiraopreto.com.br\/sobre\/wp-json\/wp\/v2\/media\/4468"}],"wp:attachment":[{"href":"https:\/\/www.encontraribeiraopreto.com.br\/sobre\/wp-json\/wp\/v2\/media?parent=4439"}],"curies":[{"name":"wp","href":"https:\/\/api.w.org\/{rel}","templated":true}]}}